{"id":66652,"date":"2023-11-27T10:49:08","date_gmt":"2023-11-27T10:49:08","guid":{"rendered":"https:\/\/esev.qaportal.ipv.pt\/estudiar\/cpyts\/educational-activities-and-dissemination-in-science\/"},"modified":"2024-04-05T10:01:47","modified_gmt":"2024-04-05T10:01:47","slug":"actividades-educativas-y-difusion-en-la-ciencia","status":"publish","type":"page","link":"https:\/\/esev.qaportal.ipv.pt\/es\/estudiar\/cpyts\/actividades-educativas-y-difusion-en-la-ciencia\/","title":{"rendered":"Actividades Educativas y Difusi\u00f3n en la Ciencia"},"content":{"rendered":"<p>[et_pb_section fb_built=&#8221;1&#8243; _builder_version=&#8221;4.21.0&#8243; _module_preset=&#8221;52b34cf4-0c34-4695-8546-ed0b4c0e44da&#8221; use_background_color_gradient=&#8221;on&#8221; background_color_gradient_stops=&#8221;rgba(43,46,52,0.43) 0%|rgba(43,46,52,0.43) 100%&#8221; background_color_gradient_overlays_image=&#8221;on&#8221; background_color_gradient_start=&#8221;rgba(43,46,52,0.43)&#8221; background_color_gradient_end=&#8221;rgba(43,46,52,0.43)&#8221; background_image=&#8221;https:\/\/esev.qaportal.ipv.pt\/wp-content\/uploads\/sites\/9\/2023\/11\/abstract_3.jpg&#8221; locked=&#8221;off&#8221; collapsed=&#8221;on&#8221; global_colors_info=&#8221;{}&#8221;][et_pb_row _builder_version=&#8221;4.21.0&#8243; _module_preset=&#8221;b882f85f-d0b0-46d5-8091-b37ad8a25f99&#8243; global_colors_info=&#8221;{}&#8221;][et_pb_column type=&#8221;4_4&#8243; _builder_version=&#8221;4.16&#8243; _module_preset=&#8221;default&#8221; global_colors_info=&#8221;{}&#8221;][et_pb_text admin_label=&#8221;Text&#8221; _builder_version=&#8221;4.21.0&#8243; _module_preset=&#8221;9fad50c0-67d8-42e4-a430-bc6a6e5c8bb6&#8243; text_font=&#8221;|800|||||||&#8221; text_font_size=&#8221;60px&#8221; text_line_height=&#8221;64px&#8221; hover_enabled=&#8221;0&#8243; global_colors_info=&#8221;{}&#8221; sticky_enabled=&#8221;0&#8243;]<\/p>\n<h1>Actividades Educativas y Difusi\u00f3n en la Ciencia<\/h1>\n<p>[\/et_pb_text][\/et_pb_column][\/et_pb_row][\/et_pb_section][et_pb_section fb_built=&#8221;1&#8243; _builder_version=&#8221;4.21.0&#8243; _module_preset=&#8221;default&#8221; background_color=&#8221;#F2F2F2&#8243; custom_padding=&#8221;0px||0px||true|false&#8221; sticky_position=&#8221;top&#8221; locked=&#8221;off&#8221; global_colors_info=&#8221;{}&#8221;][et_pb_row _builder_version=&#8221;4.21.0&#8243; _module_preset=&#8221;default&#8221; max_width=&#8221;1920px&#8221; custom_padding=&#8221;0px|10%|0px|10%|true|true&#8221; global_colors_info=&#8221;%91%93&#8243;][et_pb_column type=&#8221;4_4&#8243; _builder_version=&#8221;4.21.0&#8243; _module_preset=&#8221;default&#8221; border_width_bottom=&#8221;1px&#8221; border_color_bottom=&#8221;#2B2E34&#8243; global_colors_info=&#8221;{}&#8221;][et_pb_menu menu_id=&#8221;12&#8243; module_class=&#8221;ipv-page-submenu&#8221; _builder_version=&#8221;4.21.0&#8243; _module_preset=&#8221;default&#8221; menu_text_color=&#8221;#2B2E34&#8243; menu_font_size=&#8221;16px&#8221; background_color=&#8221;RGBA(255,255,255,0)&#8221; custom_padding=&#8221;5px||5px||true|false&#8221; hover_enabled=&#8221;0&#8243; global_colors_info=&#8221;{}&#8221; menu_line_height=&#8221;24px&#8221; sticky_enabled=&#8221;0&#8243;][\/et_pb_menu][\/et_pb_column][\/et_pb_row][\/et_pb_section][et_pb_section fb_built=&#8221;1&#8243; admin_label=&#8221;bloco2&#8243; _builder_version=&#8221;4.21.0&#8243; _module_preset=&#8221;4c33c857-96d7-4f33-a60c-78156765ad9e&#8221; background_color=&#8221;#FFFFFF&#8221; locked=&#8221;off&#8221; collapsed=&#8221;on&#8221; global_colors_info=&#8221;{}&#8221;][et_pb_row column_structure=&#8221;2_3,1_3&#8243; use_custom_gutter=&#8221;on&#8221; gutter_width=&#8221;2&#8243; module_id=&#8221;objetivos&#8221; _builder_version=&#8221;4.21.0&#8243; _module_preset=&#8221;4bbeaf08-d0da-41bb-a6f1-8af3f795f20d&#8221; hover_enabled=&#8221;0&#8243; global_colors_info=&#8221;{}&#8221; sticky_enabled=&#8221;0&#8243;][et_pb_column type=&#8221;2_3&#8243; _builder_version=&#8221;4.16&#8243; _module_preset=&#8221;default&#8221; global_colors_info=&#8221;{}&#8221;][et_pb_text _builder_version=&#8221;4.21.0&#8243; _module_preset=&#8221;1b3ce133-bc31-48b5-9ae5-91583293058c&#8221; custom_margin=&#8221;||20px||false|false&#8221; hover_enabled=&#8221;0&#8243; global_colors_info=&#8221;{}&#8221; sticky_enabled=&#8221;0&#8243;]<\/p>\n<h2>Presentaci\u00f3n<\/h2>\n<p>El Curso Superior T\u00e9cnico Profesional (CTySP) en Actividades Educativas y Difusi\u00f3n en Ciencia es parte de un nuevo tipo de educaci\u00f3n superior a corto plazo, correspondiente a una oferta educativa de car\u00e1cter profesional, ubicada en el nivel 5 del Marco Europeo de Cualificaciones para el Aprendizaje Permanente.<\/p>\n<p>A trav\u00e9s de este curso, se lograr\u00e1n dos objetivos importantes: (i) privilegiar la r\u00e1pida integraci\u00f3n de los estudiantes en el mercado laboral; ii) permitir la continuaci\u00f3n de estudios, manteniendo una conexi\u00f3n directa con el primer ciclo de educaci\u00f3n superior (licenciatura\/ grado).<\/p>\n<p>El curso tiene como objetivo la formaci\u00f3n de un profesional que, aut\u00f3nomamente o integrado en equipos, pueda promover actividades recreativas para ni\u00f1os y j\u00f3venes en las \u00e1reas de Matem\u00e1ticas y Ciencias Naturales, contribuyendo a su desarrollo personal y educativo y promoviendo simult\u00e1neamente la difusi\u00f3n de aquellas \u00e1reas cient\u00edficas.<\/p>\n<p>[\/et_pb_text][et_pb_text _builder_version=&#8221;4.21.0&#8243; _module_preset=&#8221;1b3ce133-bc31-48b5-9ae5-91583293058c&#8221; custom_margin=&#8221;||20px||false|false&#8221; global_colors_info=&#8221;{}&#8221;]<\/p>\n<p>Por lo tanto, es fundamental:<\/p>\n<ul>\n<li>planear actividades educativas y diseminaci\u00f3n en Matem\u00e1ticas y Ciencias Naturales dentro de un contexto recreativo en escuelas e instituciones de diversa naturaleza;<\/li>\n<li>planear y dise\u00f1ar recursos educativos para apoyar las actividades educativas y la divulgaci\u00f3n en Ciencia;<\/li>\n<li>gestionar las relaciones institucionales con las escuelas e instituciones de diversa naturaleza, con respecto a la organizaci\u00f3n de actividades educativas y la difusi\u00f3n en Ciencia;<\/li>\n<li>coordinar equipos de profesionales que intervienen en las escuelas y otros lugares, en lo que respecta al desarrollo de actividades educativas y difusi\u00f3n en Ciencia;<\/li>\n<li>implementar actividades educativas y difusi\u00f3n en Ciencia dirigidas a ni\u00f1os y j\u00f3venes, promoviendo su desarrollo personal y educativo.<\/li>\n<\/ul>\n<p>[\/et_pb_text][et_pb_text _builder_version=&#8221;4.21.0&#8243; _module_preset=&#8221;1b3ce133-bc31-48b5-9ae5-91583293058c&#8221; custom_margin=&#8221;||20px||false|false&#8221; global_colors_info=&#8221;{}&#8221;]<\/p>\n<p>Grado en la Escuela Superior de Educaci\u00f3n de Viseu para realizar estudios:<\/p>\n<ul>\n<li>Educaci\u00f3n B\u00e1sica.<\/li>\n<\/ul>\n<p>[\/et_pb_text][et_pb_text _builder_version=&#8221;4.21.0&#8243; _module_preset=&#8221;1b3ce133-bc31-48b5-9ae5-91583293058c&#8221; custom_margin=&#8221;||20px||false|false&#8221; global_colors_info=&#8221;{}&#8221;]<strong>Beneficios sociales<\/strong><br \/>\nLos estudiantes inscritos en el CTySP est\u00e1n cubiertos por beneficios de bienestar directos e indirectos (becas, alojamiento, comidas), en los mismos t\u00e9rminos que los otros estudiantes de educaci\u00f3n superior.[\/et_pb_text][et_pb_text _builder_version=&#8221;4.21.0&#8243; _module_preset=&#8221;1b3ce133-bc31-48b5-9ae5-91583293058c&#8221; global_colors_info=&#8221;{}&#8221;]<strong>Coordinador:<\/strong> <a href=\"mailto:amartins@esev.ipv.pt\">Profesor Ana Patr\u00edcia Morais da Fonseca Martins<\/a>[\/et_pb_text][et_pb_toggle title=&#8221;Salidas Profesionales&#8221; _builder_version=&#8221;4.21.0&#8243; _module_preset=&#8221;d3f45b1c-8a9b-433c-a2a4-f3c3b1e3447b&#8221; global_colors_info=&#8221;{}&#8221;]<\/p>\n<p>El T\u00e9cnico Superior Profesional en Actividades Educativas y Difusi\u00f3n en Ciencia puede ejercer funciones profesionales en el \u00e1mbito de la educaci\u00f3n y de la divulgaci\u00f3n en las \u00e1reas de Matem\u00e1ticas y de Ciencias de la Naturaleza, en contexto de ocio recreativo.<\/p>\n<p>De este modo, son diversas las tipolog\u00edas de instituciones donde el T\u00e9cnico Superior Profesional formado en Actividad Educativa y Difusi\u00f3n en Ciencia puede ejercer sus funciones profesionales:<\/p>\n<ul>\n<li>Agrupaciones de Escuelas;<\/li>\n<li>Centro de Actividades de Tiempos Libres;<\/li>\n<li>Asociaciones Sociales, Culturales, Deportivas y Recreativas; museos;<\/li>\n<li>Bibliotecas o Ludotecas;<\/li>\n<li>Empresas de animaci\u00f3n;<\/li>\n<li>Campos de vacaciones.<\/li>\n<\/ul>\n<p>[\/et_pb_toggle][et_pb_toggle title=&#8221;Plan de Estudios&#8221; disabled_on=&#8221;on|on|on&#8221; _builder_version=&#8221;4.21.0&#8243; _module_preset=&#8221;7bdd8cac-8029-4319-b397-508a8694f96d&#8221; disabled=&#8221;on&#8221; global_colors_info=&#8221;{}&#8221;][\/et_pb_toggle][et_pb_toggle title=&#8221;Aplicaciones&#8221; _builder_version=&#8221;4.21.0&#8243; _module_preset=&#8221;7bdd8cac-8029-4319-b397-508a8694f96d&#8221; global_colors_info=&#8221;{}&#8221;]En breve se dar\u00e1n indicaciones sobre un nuevo per\u00edodo de candidaturas.[\/et_pb_toggle][et_pb_button button_url=&#8221;@ET-DC@eyJkeW5hbWljIjp0cnVlLCJjb250ZW50IjoicG9zdF9saW5rX3VybF9wYWdlIiwic2V0dGluZ3MiOnsicG9zdF9pZCI6IjY3NjA0In19@&#8221; button_text=&#8221;Acreditaci\u00f3n&#8221; _builder_version=&#8221;4.21.0&#8243; _dynamic_attributes=&#8221;button_url&#8221; _module_preset=&#8221;82f08daa-c31c-4bf3-8ae9-caabd3de6ae4&#8243; global_colors_info=&#8221;{}&#8221;][\/et_pb_button][\/et_pb_column][et_pb_column type=&#8221;1_3&#8243; _builder_version=&#8221;4.16&#8243; _module_preset=&#8221;default&#8221; global_colors_info=&#8221;{}&#8221;][et_pb_text _builder_version=&#8221;4.21.0&#8243; _module_preset=&#8221;1b3ce133-bc31-48b5-9ae5-91583293058c&#8221; link_font=&#8221;PV Sans Regular||||on|||#96353C|&#8221; hover_enabled=&#8221;0&#8243; global_module=&#8221;67609&#8243; global_colors_info=&#8221;{}&#8221; sticky_enabled=&#8221;0&#8243;]<\/p>\n<p><strong>Curso:<\/strong><br \/>Actividades Educativas y Difusi\u00f3n en la Ciencia<\/p>\n<p><strong>Grado:<\/strong><br \/>Cursos Profesionales T\u00e9cnicos Superiores<\/p>\n<p><strong>Duraci\u00f3n:<\/strong><br \/>2 a\u00f1os acad\u00e9micos \/ 4 semesters<\/p>\n<p><strong>Coordinador:<\/strong><br \/><span style=\"color: #339966;\"><a href=\"mailto:amartins@esev.ipv.pt\">Profesor Ana Patr\u00edcia Morais da Fonseca Martins<\/a><\/span><\/p>\n<p>[\/et_pb_text][\/et_pb_column][\/et_pb_row][\/et_pb_section]<\/p>\n","protected":false},"excerpt":{"rendered":"<p>Actividades Educativas y Difusi\u00f3n en la CienciaPresentaci\u00f3n El Curso Superior T\u00e9cnico Profesional (CTySP) en Actividades Educativas y Difusi\u00f3n en Ciencia es parte de un nuevo tipo de educaci\u00f3n superior a [&hellip;]<\/p>\n","protected":false},"author":1,"featured_media":0,"parent":66569,"menu_order":0,"comment_status":"closed","ping_status":"closed","template":"","meta":{"_et_pb_use_builder":"on","_et_pb_old_content":"","_et_gb_content_width":"","inline_featured_image":false,"_price":"","_stock":"","_tribe_ticket_header":"","_tribe_default_ticket_provider":"","_tribe_ticket_capacity":"0","_ticket_start_date":"","_ticket_end_date":"","_tribe_ticket_show_description":"","_tribe_ticket_show_not_going":false,"_tribe_ticket_use_global_stock":"","_tribe_ticket_global_stock_level":"","_global_stock_mode":"","_global_stock_cap":"","_tribe_rsvp_for_event":"","_tribe_ticket_going_count":"","_tribe_ticket_not_going_count":"","_tribe_tickets_list":"[]","_tribe_ticket_has_attendee_info_fields":false,"footnotes":"","_tec_slr_enabled":"","_tec_slr_layout":""},"class_list":["post-66652","page","type-page","status-publish","hentry"],"ticketed":false,"_links":{"self":[{"href":"https:\/\/esev.qaportal.ipv.pt\/es\/wp-json\/wp\/v2\/pages\/66652","targetHints":{"allow":["GET"]}}],"collection":[{"href":"https:\/\/esev.qaportal.ipv.pt\/es\/wp-json\/wp\/v2\/pages"}],"about":[{"href":"https:\/\/esev.qaportal.ipv.pt\/es\/wp-json\/wp\/v2\/types\/page"}],"author":[{"embeddable":true,"href":"https:\/\/esev.qaportal.ipv.pt\/es\/wp-json\/wp\/v2\/users\/1"}],"replies":[{"embeddable":true,"href":"https:\/\/esev.qaportal.ipv.pt\/es\/wp-json\/wp\/v2\/comments?post=66652"}],"version-history":[{"count":7,"href":"https:\/\/esev.qaportal.ipv.pt\/es\/wp-json\/wp\/v2\/pages\/66652\/revisions"}],"predecessor-version":[{"id":76916,"href":"https:\/\/esev.qaportal.ipv.pt\/es\/wp-json\/wp\/v2\/pages\/66652\/revisions\/76916"}],"up":[{"embeddable":true,"href":"https:\/\/esev.qaportal.ipv.pt\/es\/wp-json\/wp\/v2\/pages\/66569"}],"wp:attachment":[{"href":"https:\/\/esev.qaportal.ipv.pt\/es\/wp-json\/wp\/v2\/media?parent=66652"}],"curies":[{"name":"wp","href":"https:\/\/api.w.org\/{rel}","templated":true}]}}