{"id":66651,"date":"2023-11-27T10:48:47","date_gmt":"2023-11-27T10:48:47","guid":{"rendered":"https:\/\/esev.qaportal.ipv.pt\/estudiar\/cursos-de-postgrado\/ethics-and-sport\/"},"modified":"2024-04-05T09:57:53","modified_gmt":"2024-04-05T09:57:53","slug":"etica-y-deporte","status":"publish","type":"page","link":"https:\/\/esev.qaportal.ipv.pt\/es\/estudiar\/cursos-de-postgrado\/etica-y-deporte\/","title":{"rendered":"Etica y Deporte"},"content":{"rendered":"<p>[et_pb_section fb_built=&#8221;1&#8243; _builder_version=&#8221;4.21.0&#8243; _module_preset=&#8221;52b34cf4-0c34-4695-8546-ed0b4c0e44da&#8221; use_background_color_gradient=&#8221;on&#8221; background_color_gradient_stops=&#8221;rgba(43,46,52,0.43) 0%|rgba(43,46,52,0.43) 100%&#8221; background_color_gradient_overlays_image=&#8221;on&#8221; background_color_gradient_start=&#8221;rgba(43,46,52,0.43)&#8221; background_color_gradient_end=&#8221;rgba(43,46,52,0.43)&#8221; background_image=&#8221;https:\/\/esev.qaportal.ipv.pt\/wp-content\/uploads\/sites\/9\/2023\/11\/desporto_1-1.jpg&#8221; locked=&#8221;off&#8221; collapsed=&#8221;on&#8221; global_colors_info=&#8221;{}&#8221;][et_pb_row _builder_version=&#8221;4.21.0&#8243; _module_preset=&#8221;b882f85f-d0b0-46d5-8091-b37ad8a25f99&#8243; global_colors_info=&#8221;{}&#8221;][et_pb_column type=&#8221;4_4&#8243; _builder_version=&#8221;4.16&#8243; _module_preset=&#8221;default&#8221; global_colors_info=&#8221;{}&#8221;][et_pb_text admin_label=&#8221;Text&#8221; _builder_version=&#8221;4.21.0&#8243; _module_preset=&#8221;9fad50c0-67d8-42e4-a430-bc6a6e5c8bb6&#8243; text_font=&#8221;|800|||||||&#8221; text_font_size=&#8221;60px&#8221; text_line_height=&#8221;64px&#8221; hover_enabled=&#8221;0&#8243; global_colors_info=&#8221;{}&#8221; sticky_enabled=&#8221;0&#8243;]<\/p>\n<h1>Etica y Deporte<\/h1>\n<p>[\/et_pb_text][\/et_pb_column][\/et_pb_row][\/et_pb_section][et_pb_section fb_built=&#8221;1&#8243; _builder_version=&#8221;4.21.0&#8243; _module_preset=&#8221;default&#8221; background_color=&#8221;#F2F2F2&#8243; custom_padding=&#8221;0px||0px||true|false&#8221; sticky_position=&#8221;top&#8221; locked=&#8221;off&#8221; global_colors_info=&#8221;{}&#8221;][et_pb_row _builder_version=&#8221;4.21.0&#8243; _module_preset=&#8221;default&#8221; max_width=&#8221;1920px&#8221; custom_padding=&#8221;0px|10%|0px|10%|true|true&#8221; global_colors_info=&#8221;%91%93&#8243;][et_pb_column type=&#8221;4_4&#8243; _builder_version=&#8221;4.21.0&#8243; _module_preset=&#8221;default&#8221; border_width_bottom=&#8221;1px&#8221; border_color_bottom=&#8221;#2B2E34&#8243; global_colors_info=&#8221;{}&#8221;][et_pb_menu menu_id=&#8221;12&#8243; module_class=&#8221;ipv-page-submenu&#8221; _builder_version=&#8221;4.21.0&#8243; _module_preset=&#8221;default&#8221; menu_text_color=&#8221;#2B2E34&#8243; menu_font_size=&#8221;16px&#8221; background_color=&#8221;RGBA(255,255,255,0)&#8221; custom_padding=&#8221;5px||5px||true|false&#8221; hover_enabled=&#8221;0&#8243; global_colors_info=&#8221;{}&#8221; menu_line_height=&#8221;24px&#8221; sticky_enabled=&#8221;0&#8243;][\/et_pb_menu][\/et_pb_column][\/et_pb_row][\/et_pb_section][et_pb_section fb_built=&#8221;1&#8243; admin_label=&#8221;bloco2&#8243; _builder_version=&#8221;4.21.0&#8243; _module_preset=&#8221;4c33c857-96d7-4f33-a60c-78156765ad9e&#8221; background_color=&#8221;#FFFFFF&#8221; locked=&#8221;off&#8221; collapsed=&#8221;on&#8221; global_colors_info=&#8221;{}&#8221;][et_pb_row column_structure=&#8221;2_3,1_3&#8243; module_id=&#8221;objetivos&#8221; _builder_version=&#8221;4.21.0&#8243; _module_preset=&#8221;4bbeaf08-d0da-41bb-a6f1-8af3f795f20d&#8221; global_colors_info=&#8221;{}&#8221;][et_pb_column type=&#8221;2_3&#8243; _builder_version=&#8221;4.16&#8243; _module_preset=&#8221;default&#8221; global_colors_info=&#8221;{}&#8221;][et_pb_text _builder_version=&#8221;4.21.0&#8243; _module_preset=&#8221;1b3ce133-bc31-48b5-9ae5-91583293058c&#8221; custom_margin=&#8221;||20px||false|false&#8221; hover_enabled=&#8221;0&#8243; global_colors_info=&#8221;{}&#8221; sticky_enabled=&#8221;0&#8243;]<\/p>\n<h2>Presentaci\u00f3n<\/h2>\n<p>Este curso tiene como objetivo estimular y profundizar la reflexi\u00f3n y la operacionalizaci\u00f3n de los valores y la \u00e9tica en el deporte.<\/p>\n<p>Tiene la intenci\u00f3n de contribuir a la formaci\u00f3n de profesionales de diversos or\u00edgenes, pero con actividad profesional en el campo deportivo, promoviendo la adquisici\u00f3n de habilidades de reflexi\u00f3n e intervenci\u00f3n que permitan la ponderaci\u00f3n y la toma de decisiones sobre temas espec\u00edficos asociados con su contexto profesional.<\/p>\n<p>En este sentido, el curso presenta una dimensi\u00f3n m\u00e1s te\u00f3rica \/ reflexiva (1er semestre), donde se estimula un an\u00e1lisis y cr\u00edtica centrado en la contextualizaci\u00f3n cient\u00edfica de los est\u00e1ndares, valores y s\u00edmbolos deportivos, como un hecho social en un paradigma biopsicosocial, teniendo en cuenta El desarrollo de principios y fundamentos, de c\u00f3digos y normas en pr\u00e1cticas observables.<\/p>\n<p>Tambi\u00e9n muestra una dimensi\u00f3n m\u00e1s operativa \/ pr\u00e1ctica (segundo semestre) basada en la acci\u00f3n pedag\u00f3gica, did\u00e1ctica y metodol\u00f3gica caracter\u00edstica de las actividades f\u00edsicas y deportivas, estimulando la cr\u00edtica y la reflexi\u00f3n sobre la operacionalizaci\u00f3n de la \u00e9tica y los valores en el deporte, y en su desarrollo en las diferentes contextos de intervenci\u00f3n profesional.<\/p>\n<p>Por lo tanto, el objetivo es desarrollar una formaci\u00f3n s\u00f3lida que permita habilidades interpretativas sobre \u00e9tica y deontolog\u00eda en el deporte y habilidades intervencionistas complementarias, permitiendo un enfoque multidisciplinario m\u00e1s enriquecido de la intervenci\u00f3n b\u00e1sica de los profesionales.<\/p>\n<p>Tambi\u00e9n se busca el desarrollo de una actitud reflexiva y cr\u00edtica, que es decisiva para la mejora de los procesos de autoformaci\u00f3n y para la innovaci\u00f3n y optimizaci\u00f3n de la intervenci\u00f3n, siendo esto fundamental para el aumento de la excelencia profesional.<\/p>\n<p>A\u00fan relevante en este contexto es el desarrollo de conocimiento que permite la implementaci\u00f3n de planes estrat\u00e9gicos y pol\u00edticas definidas o promovidas por diferentes instituciones a nivel nacional, regional y local.<\/p>\n<p>[\/et_pb_text][et_pb_text _builder_version=&#8221;4.21.0&#8243; _module_preset=&#8221;1b3ce133-bc31-48b5-9ae5-91583293058c&#8221; global_colors_info=&#8221;{}&#8221;]<\/p>\n<p><strong>Coordinator:<\/strong> <a href=\"mailto:apereira@esev.ipv.pt\">Profesor Antonino Pereira<\/a><\/p>\n<p>[\/et_pb_text][et_pb_toggle title=&#8221;Salidas Profesionales&#8221; _builder_version=&#8221;4.21.0&#8243; _module_preset=&#8221;d3f45b1c-8a9b-433c-a2a4-f3c3b1e3447b&#8221; global_colors_info=&#8221;{}&#8221;]<\/p>\n<p>El presente curso valora la capacitaci\u00f3n para el ejercicio de una actividad profesional, asegurando que los estudiantes se beneficien de la aplicaci\u00f3n de los conocimientos adquiridos a las actividades concretas del perfil profesional respectivo.<\/p>\n<p>As\u00ed, teniendo como referencia el art\u00edculo 3 de la Ley no. 5\/2007, 16 de enero (Ley B\u00e1sica de Actividad F\u00edsica y Deporte), en relaci\u00f3n con el principio de \u00e9tica deportiva, tiene como objetivo la formaci\u00f3n de profesionales competentes en esta materia, capaces de actuar en diversas \u00e1reas de intervenci\u00f3n deportiva (art\u00edculo 35 de la Ley no. 5\/2007, 16 de enero), a saber:<\/p>\n<ul>\n<li>Entrenamiento deportivo: entrenador deportivo (seg\u00fan la Ley n\u00ba 40\/2012, 28 de agosto);<\/li>\n<li>Ejercicio f\u00edsico y salud: t\u00e9cnico de ejercicio f\u00edsico y director t\u00e9cnico (seg\u00fan la Ley n. 39\/2012, 28 de agosto);<\/li>\n<li>Educaci\u00f3n F\u00edsica y Deportes Escolares;<\/li>\n<li>Director deportivo;<\/li>\n<li>Actividad f\u00edsica y pr\u00e1ctica deportiva por parte de las personas con discapacidad (art\u00edculo 29 de la Ley n\u00ba 5\/2007, 16 de enero);<\/li>\n<li>Actividad f\u00edsica y pr\u00e1ctica deportiva en espacios naturales (art\u00edculo 31 de la Ley n\u00ba 5\/2007, de 16 de enero);<\/li>\n<li>Arbitraje (art\u00edculo 25 de la Ley n\u00ba 5\/2007, 16 de enero);<\/li>\n<li>Medicina deportiva;<\/li>\n<li>Comunicaci\u00f3n y medios deportivos.<\/li>\n<\/ul>\n<p>[\/et_pb_toggle][et_pb_toggle title=&#8221;Plan de Estudios&#8221; disabled_on=&#8221;on|on|on&#8221; _builder_version=&#8221;4.21.0&#8243; _module_preset=&#8221;7bdd8cac-8029-4319-b397-508a8694f96d&#8221; disabled=&#8221;on&#8221; global_colors_info=&#8221;{}&#8221;][\/et_pb_toggle][et_pb_toggle title=&#8221;Aplicaciones&#8221; _builder_version=&#8221;4.21.0&#8243; _module_preset=&#8221;7bdd8cac-8029-4319-b397-508a8694f96d&#8221; global_colors_info=&#8221;{}&#8221;]En breve se dar\u00e1n indicaciones sobre un nuevo per\u00edodo de candidaturas.[\/et_pb_toggle][\/et_pb_column][et_pb_column type=&#8221;1_3&#8243; _builder_version=&#8221;4.16&#8243; _module_preset=&#8221;default&#8221; global_colors_info=&#8221;{}&#8221;][et_pb_text _builder_version=&#8221;4.21.0&#8243; _module_preset=&#8221;1b3ce133-bc31-48b5-9ae5-91583293058c&#8221; link_font=&#8221;PV Sans Regular||||on|||#96353C|&#8221; hover_enabled=&#8221;0&#8243; global_colors_info=&#8221;{}&#8221; sticky_enabled=&#8221;0&#8243;]<\/p>\n<p><strong>Curso:<\/strong><br \/>Etica y Deporte<\/p>\n<p><strong>Grado:<\/strong><br \/>Cursos de Postgrado<\/p>\n<p><strong>Duraci\u00f3n:<\/strong><br \/>1 a\u00f1o acad\u00e9mico<\/p>\n<p><strong>Coordinador:<\/strong><br \/><span style=\"color: #339966;\"><a style=\"color: #339966;\" href=\"mailto:apereira@esev.ipv.pt\">Profesor Antonino Pereira <\/a><\/span><\/p>\n<p>[\/et_pb_text][\/et_pb_column][\/et_pb_row][\/et_pb_section]<\/p>\n","protected":false},"excerpt":{"rendered":"<p>Etica y DeportePresentaci\u00f3n Este curso tiene como objetivo estimular y profundizar la reflexi\u00f3n y la operacionalizaci\u00f3n de los valores y la \u00e9tica en el deporte. Tiene la intenci\u00f3n de contribuir [&hellip;]<\/p>\n","protected":false},"author":1,"featured_media":0,"parent":66564,"menu_order":0,"comment_status":"closed","ping_status":"closed","template":"","meta":{"_et_pb_use_builder":"on","_et_pb_old_content":"","_et_gb_content_width":"","inline_featured_image":false,"_price":"","_stock":"","_tribe_ticket_header":"","_tribe_default_ticket_provider":"","_tribe_ticket_capacity":"0","_ticket_start_date":"","_ticket_end_date":"","_tribe_ticket_show_description":"","_tribe_ticket_show_not_going":false,"_tribe_ticket_use_global_stock":"","_tribe_ticket_global_stock_level":"","_global_stock_mode":"","_global_stock_cap":"","_tribe_rsvp_for_event":"","_tribe_ticket_going_count":"","_tribe_ticket_not_going_count":"","_tribe_tickets_list":"[]","_tribe_ticket_has_attendee_info_fields":false,"footnotes":"","_tec_slr_enabled":"","_tec_slr_layout":""},"class_list":["post-66651","page","type-page","status-publish","hentry"],"ticketed":false,"_links":{"self":[{"href":"https:\/\/esev.qaportal.ipv.pt\/es\/wp-json\/wp\/v2\/pages\/66651","targetHints":{"allow":["GET"]}}],"collection":[{"href":"https:\/\/esev.qaportal.ipv.pt\/es\/wp-json\/wp\/v2\/pages"}],"about":[{"href":"https:\/\/esev.qaportal.ipv.pt\/es\/wp-json\/wp\/v2\/types\/page"}],"author":[{"embeddable":true,"href":"https:\/\/esev.qaportal.ipv.pt\/es\/wp-json\/wp\/v2\/users\/1"}],"replies":[{"embeddable":true,"href":"https:\/\/esev.qaportal.ipv.pt\/es\/wp-json\/wp\/v2\/comments?post=66651"}],"version-history":[{"count":6,"href":"https:\/\/esev.qaportal.ipv.pt\/es\/wp-json\/wp\/v2\/pages\/66651\/revisions"}],"predecessor-version":[{"id":76907,"href":"https:\/\/esev.qaportal.ipv.pt\/es\/wp-json\/wp\/v2\/pages\/66651\/revisions\/76907"}],"up":[{"embeddable":true,"href":"https:\/\/esev.qaportal.ipv.pt\/es\/wp-json\/wp\/v2\/pages\/66564"}],"wp:attachment":[{"href":"https:\/\/esev.qaportal.ipv.pt\/es\/wp-json\/wp\/v2\/media?parent=66651"}],"curies":[{"name":"wp","href":"https:\/\/api.w.org\/{rel}","templated":true}]}}