{"id":66577,"date":"2023-11-22T09:14:52","date_gmt":"2023-11-22T09:14:52","guid":{"rendered":"https:\/\/esev.qaportal.ipv.pt\/estudar\/licenciaturas\/desporto-e-atividade-fisica\/"},"modified":"2024-04-05T10:18:38","modified_gmt":"2024-04-05T10:18:38","slug":"deporte-y-actividad-fisica","status":"publish","type":"page","link":"https:\/\/esev.qaportal.ipv.pt\/es\/estudiar\/cursos-de-grado\/deporte-y-actividad-fisica\/","title":{"rendered":"Deporte Y Actividad Fisica"},"content":{"rendered":"<p>[et_pb_section fb_built=&#8221;1&#8243; _builder_version=&#8221;4.21.0&#8243; _module_preset=&#8221;52b34cf4-0c34-4695-8546-ed0b4c0e44da&#8221; use_background_color_gradient=&#8221;on&#8221; background_color_gradient_stops=&#8221;rgba(43,46,52,0.43) 0%|rgba(43,46,52,0.43) 100%&#8221; background_color_gradient_overlays_image=&#8221;on&#8221; background_color_gradient_start=&#8221;rgba(43,46,52,0.43)&#8221; background_color_gradient_end=&#8221;rgba(43,46,52,0.43)&#8221; background_image=&#8221;https:\/\/esev.qaportal.ipv.pt\/wp-content\/uploads\/sites\/9\/2023\/11\/desporto_1-1.jpg&#8221; collapsed=&#8221;on&#8221; global_colors_info=&#8221;{}&#8221;][et_pb_row _builder_version=&#8221;4.21.0&#8243; _module_preset=&#8221;b882f85f-d0b0-46d5-8091-b37ad8a25f99&#8243; global_colors_info=&#8221;{}&#8221;][et_pb_column type=&#8221;4_4&#8243; _builder_version=&#8221;4.16&#8243; _module_preset=&#8221;default&#8221; global_colors_info=&#8221;{}&#8221;][et_pb_text admin_label=&#8221;Text&#8221; _builder_version=&#8221;4.21.0&#8243; _module_preset=&#8221;9fad50c0-67d8-42e4-a430-bc6a6e5c8bb6&#8243; text_font=&#8221;|800|||||||&#8221; text_font_size=&#8221;60px&#8221; text_line_height=&#8221;64px&#8221; hover_enabled=&#8221;0&#8243; global_colors_info=&#8221;{}&#8221; sticky_enabled=&#8221;0&#8243;]<\/p>\n<h1>Deporte Y Actividad Fisica<\/h1>\n<p>[\/et_pb_text][\/et_pb_column][\/et_pb_row][\/et_pb_section][et_pb_section fb_built=&#8221;1&#8243; _builder_version=&#8221;4.21.0&#8243; _module_preset=&#8221;default&#8221; background_color=&#8221;#F2F2F2&#8243; custom_padding=&#8221;0px||0px||true|false&#8221; sticky_position=&#8221;top&#8221; locked=&#8221;off&#8221; global_colors_info=&#8221;{}&#8221;][et_pb_row _builder_version=&#8221;4.21.0&#8243; _module_preset=&#8221;default&#8221; max_width=&#8221;1920px&#8221; custom_padding=&#8221;0px|10%|0px|10%|true|true&#8221; global_colors_info=&#8221;%91%93&#8243;][et_pb_column type=&#8221;4_4&#8243; _builder_version=&#8221;4.21.0&#8243; _module_preset=&#8221;default&#8221; border_width_bottom=&#8221;1px&#8221; border_color_bottom=&#8221;#2B2E34&#8243; global_colors_info=&#8221;{}&#8221;][et_pb_menu menu_id=&#8221;12&#8243; module_class=&#8221;ipv-page-submenu&#8221; _builder_version=&#8221;4.21.0&#8243; _module_preset=&#8221;default&#8221; menu_text_color=&#8221;#2B2E34&#8243; menu_font_size=&#8221;16px&#8221; background_color=&#8221;RGBA(255,255,255,0)&#8221; custom_padding=&#8221;5px||5px||true|false&#8221; hover_enabled=&#8221;0&#8243; global_colors_info=&#8221;{}&#8221; menu_line_height=&#8221;24px&#8221; sticky_enabled=&#8221;0&#8243;][\/et_pb_menu][\/et_pb_column][\/et_pb_row][\/et_pb_section][et_pb_section fb_built=&#8221;1&#8243; admin_label=&#8221;bloco2&#8243; _builder_version=&#8221;4.21.0&#8243; _module_preset=&#8221;4c33c857-96d7-4f33-a60c-78156765ad9e&#8221; background_color=&#8221;#FFFFFF&#8221; collapsed=&#8221;on&#8221; global_colors_info=&#8221;{}&#8221;][et_pb_row column_structure=&#8221;2_3,1_3&#8243; use_custom_gutter=&#8221;on&#8221; gutter_width=&#8221;2&#8243; module_id=&#8221;objetivos&#8221; _builder_version=&#8221;4.21.0&#8243; _module_preset=&#8221;4bbeaf08-d0da-41bb-a6f1-8af3f795f20d&#8221; global_colors_info=&#8221;{}&#8221;][et_pb_column type=&#8221;2_3&#8243; _builder_version=&#8221;4.16&#8243; _module_preset=&#8221;default&#8221; global_colors_info=&#8221;{}&#8221;][et_pb_text _builder_version=&#8221;4.21.0&#8243; _module_preset=&#8221;1b3ce133-bc31-48b5-9ae5-91583293058c&#8221; custom_margin=&#8221;||20px||false|false&#8221; hover_enabled=&#8221;0&#8243; global_colors_info=&#8221;{}&#8221; sticky_enabled=&#8221;0&#8243;]<\/p>\n<h2>Presentaci\u00f3n<\/h2>\n<p>Este grado en Deporte y Actividad F\u00edsica se centra en:<\/p>\n<ul>\n<li>Evaluar, programar y dirigir la ense\u00f1anza y la formaci\u00f3n en diversas especialidades deportivas dentro de escuelas, clubes, asociaciones y federaciones;<\/li>\n<li>Programar y realizar actividades f\u00edsicas y deportivas en diversos contextos institucionales, como municipios, gimnasios, academias, clubes de fitness y bienestar, turismo activo, etc .;<\/li>\n<li>Monitoreo de las actividades f\u00edsicas y deportivas de poblaciones especiales y grupos de riesgo;<\/li>\n<li>Gestionar y dirigir t\u00e9cnicamente instalaciones deportivas, gimnasios, clubes deportivos y centros de fitness y salud.<\/li>\n<\/ul>\n<p>[\/et_pb_text][et_pb_text _builder_version=&#8221;4.21.0&#8243; _module_preset=&#8221;1b3ce133-bc31-48b5-9ae5-91583293058c&#8221; global_colors_info=&#8221;{}&#8221;]<strong>Coordinador:<\/strong> <a href=\"daf@esev.ipv.pt\">Profesor Abel Figueiredo<\/a>[\/et_pb_text][et_pb_toggle title=&#8221;Salidas Profesionales&#8221; _builder_version=&#8221;4.21.0&#8243; _module_preset=&#8221;d3f45b1c-8a9b-433c-a2a4-f3c3b1e3447b&#8221; global_colors_info=&#8221;{}&#8221;]<\/p>\n<p>El profesional moderno de Deporte y Actividad F\u00edsica tiene que responder a varios desaf\u00edos profesionales. El curso de Deportes y Actividad F\u00edsica de ESEV del Instituto Polit\u00e9cnico de Viseu es un curso profesional ecl\u00e9ctico para el \u00e1rea 813 &#8211; Deporte, proporcionando al Licenciado ingresar en diversas profesiones en virtud de la ley portuguesa y europea. Es un grado que abre las competencias b\u00e1sicas para las diversas profesiones en el deporte sin especializaci\u00f3n profesional precoz, por lo que el plan de estudios es arrojado e innovador en las diferentes dimensiones cient\u00edficas (biol\u00f3gicas, psicol\u00f3gicas y sociales), pedag\u00f3gicas y metodol\u00f3gicas, centradas en una vertiente did\u00e1ctica de enfoque de contenidos did\u00e1cticos t\u00e9cnicos en inmensas modalidades de deporte y actividad f\u00edsica. Se supone que la especializaci\u00f3n se logre en los siguientes postgrados.<\/p>\n<p>Las profesiones referenciales del curso son predominantemente:<\/p>\n<ul>\n<li><strong>Entrenador de Deporte:<\/strong> profesionales involucrados en el entrenamiento y en la orientaci\u00f3n competitiva de practicantes deportivos, as\u00ed como en el marco t\u00e9cnico de una actividad deportiva, ejercida de forma habitual, estacional u ocasional vinculados a federaciones deportivas con utilidad p\u00fablica deportiva, asociaciones promotoras de deporte y entidades prestadoras de servicios deportivos, como tales contempladas en el art\u00edculo 43 de la Ley n\u00ba 5\/2007, de 16 de enero, con arreglo a la Ley n\u00ba 40\/2012 de 28 de agosto.<\/li>\n<li><strong>T\u00e9cnico de Ejercicio F\u00edsico:<\/strong> profesionales responsables de la planificaci\u00f3n, prescripci\u00f3n, orientaci\u00f3n y conducci\u00f3n de actividades deportivas que se desarrollen en instalaciones deportivas que prestan servicios deportivos en el \u00e1rea del mantenimiento de la condici\u00f3n f\u00edsica (fitness), en particular los gimnasios, academias o clubes de salud (healthclubs), independientemente de la designaci\u00f3n adoptada y la forma de explotaci\u00f3n, seg\u00fan lo definido por la Ley n\u00ba 39\/2012 del 28 de agosto.<\/li>\n<li><strong>Director T\u00e9cnico:<\/strong> profesional responsable de la coordinaci\u00f3n y supervisi\u00f3n de la prescripci\u00f3n, evaluaci\u00f3n, conducci\u00f3n y orientaci\u00f3n de las actividades deportivas que se desarrollan en las instalaciones deportivas que prestan servicios deportivos en el \u00e1rea del mantenimiento de la condici\u00f3n f\u00edsica (fitness), en particular los gimnasios, academias o clubes de salud (healthclubs) independientemente de la designaci\u00f3n adoptada y forma de exploraci\u00f3n, siendo a\u00fan responsables, entre otras funciones, por coordinar y supervisar la evaluaci\u00f3n de la calidad de los servicios prestados, coordinar la producci\u00f3n de las actividades deportivas, superentendiendo t\u00e9cnicamente, en el \u00e1mbito del funcionamiento de las instalaciones deportivas, las actividades deportivas en ellas desarrolladas de acuerdo con la Ley n\u00ba 39\/2012 del 28 de agosto.<\/li>\n<li><strong>T\u00e9cnico de Actividad F\u00edsica y Deportiva del programa de las AEC:<\/strong> profesionales responsables por la planificaci\u00f3n, prescripci\u00f3n, orientaci\u00f3n y conducci\u00f3n de actividades f\u00edsicas y deportivas en el marco del programa de las Actividades de Enriquecimiento Curricular en el 1\u00ba Ciclo de la Ense\u00f1anza B\u00e1sica;<\/li>\n<li><strong>T\u00e9cnico de Actividad F\u00edsica y Deportiva:<\/strong> profesionales responsables por la planificaci\u00f3n, prescripci\u00f3n, orientaci\u00f3n, conducci\u00f3n y evaluaci\u00f3n de actividades f\u00edsicas y deportivas en cuadros no referenciados anteriormente.<\/li>\n<\/ul>\n<p>Complementariamente, las profesiones referenciales del curso son:<\/p>\n<ul>\n<li><strong>Gestor de Deporte:<\/strong> promoci\u00f3n y organizaci\u00f3n de eventos en el \u00e1mbito del deporte y de la actividad f\u00edsica, as\u00ed como la gesti\u00f3n de organizaciones deportivas;<\/li>\n<li><strong>Formador e Investigador en Deporte:<\/strong> productor de conocimiento referenciado al nivel t\u00e9cnico y cient\u00edfico en la motricidad deportiva, sea en las diversas \u00e1reas contextuales de intervenci\u00f3n, sea en las diversas \u00e1reas cient\u00edficas de estudio.<\/li>\n<\/ul>\n<p>[\/et_pb_toggle][et_pb_toggle title=&#8221;Plan de Estudios&#8221; disabled_on=&#8221;on|on|on&#8221; _builder_version=&#8221;4.21.0&#8243; _module_preset=&#8221;7bdd8cac-8029-4319-b397-508a8694f96d&#8221; disabled=&#8221;on&#8221; global_colors_info=&#8221;{}&#8221;][\/et_pb_toggle][et_pb_toggle title=&#8221;Aplicaciones&#8221; _builder_version=&#8221;4.21.0&#8243; _module_preset=&#8221;7bdd8cac-8029-4319-b397-508a8694f96d&#8221; global_colors_info=&#8221;{}&#8221;]<\/p>\n<p><strong>Ex\u00e1menes de admisi\u00f3n:<\/strong> 02. Biolog\u00eda y Geolog\u00eda O 16. Matem\u00e1ticas O 18. Portugu\u00e9s<\/p>\n<p><strong>Nota:<\/strong> La informaci\u00f3n disponible no exime a los solicitantes de consultar el sitio web de la Direcci\u00f3n General de Educaci\u00f3n Superior (DGES) y\/ o del sitio web de los Solicitantes.<\/p>\n<p>[\/et_pb_toggle][et_pb_button button_url=&#8221;https:\/\/esev.qaportal.ipv.pt\/es\/estudiar\/cursos-de-grado\/deporte-y-actividad-fisica\/acreditacion\/&#8221; button_text=&#8221;Acreditaci\u00f3n&#8221; _builder_version=&#8221;4.21.0&#8243; _module_preset=&#8221;82f08daa-c31c-4bf3-8ae9-caabd3de6ae4&#8243; global_colors_info=&#8221;{}&#8221;][\/et_pb_button][\/et_pb_column][et_pb_column type=&#8221;1_3&#8243; _builder_version=&#8221;4.16&#8243; _module_preset=&#8221;default&#8221; global_colors_info=&#8221;{}&#8221;][et_pb_text _builder_version=&#8221;4.21.0&#8243; _module_preset=&#8221;1b3ce133-bc31-48b5-9ae5-91583293058c&#8221; link_font=&#8221;PV Sans Regular||||on|||#96353C|&#8221; hover_enabled=&#8221;0&#8243; global_module=&#8221;67771&#8243; global_colors_info=&#8221;{}&#8221; sticky_enabled=&#8221;0&#8243;]<\/p>\n<p><strong>Curso:<\/strong><br \/>Deporte Y Actividad Fisica<\/p>\n<p><strong>Grado:<\/strong><br \/>Cursos de Grado<\/p>\n<p><strong>Duraci\u00f3n:<\/strong><br \/>3 a\u00f1os acad\u00e9micos \/ 6 semestres<\/p>\n<p><strong>Coordinador:<\/strong><br \/><a href=\"daf@esev.ipv.pt\">Profesor Abel Figueiredo<\/a><\/p>\n<p>[\/et_pb_text][\/et_pb_column][\/et_pb_row][\/et_pb_section]<\/p>\n","protected":false},"excerpt":{"rendered":"<p>Deporte Y Actividad FisicaPresentaci\u00f3n Este grado en Deporte y Actividad F\u00edsica se centra en: Evaluar, programar y dirigir la ense\u00f1anza y la formaci\u00f3n en diversas especialidades deportivas dentro de escuelas, [&hellip;]<\/p>\n","protected":false},"author":1,"featured_media":0,"parent":66573,"menu_order":0,"comment_status":"closed","ping_status":"closed","template":"","meta":{"_et_pb_use_builder":"on","_et_pb_old_content":"","_et_gb_content_width":"","inline_featured_image":false,"_price":"","_stock":"","_tribe_ticket_header":"","_tribe_default_ticket_provider":"","_tribe_ticket_capacity":"0","_ticket_start_date":"","_ticket_end_date":"","_tribe_ticket_show_description":"","_tribe_ticket_show_not_going":false,"_tribe_ticket_use_global_stock":"","_tribe_ticket_global_stock_level":"","_global_stock_mode":"","_global_stock_cap":"","_tribe_rsvp_for_event":"","_tribe_ticket_going_count":"","_tribe_ticket_not_going_count":"","_tribe_tickets_list":"[]","_tribe_ticket_has_attendee_info_fields":false,"footnotes":"","_tec_slr_enabled":"","_tec_slr_layout":""},"class_list":["post-66577","page","type-page","status-publish","hentry"],"ticketed":false,"_links":{"self":[{"href":"https:\/\/esev.qaportal.ipv.pt\/es\/wp-json\/wp\/v2\/pages\/66577","targetHints":{"allow":["GET"]}}],"collection":[{"href":"https:\/\/esev.qaportal.ipv.pt\/es\/wp-json\/wp\/v2\/pages"}],"about":[{"href":"https:\/\/esev.qaportal.ipv.pt\/es\/wp-json\/wp\/v2\/types\/page"}],"author":[{"embeddable":true,"href":"https:\/\/esev.qaportal.ipv.pt\/es\/wp-json\/wp\/v2\/users\/1"}],"replies":[{"embeddable":true,"href":"https:\/\/esev.qaportal.ipv.pt\/es\/wp-json\/wp\/v2\/comments?post=66577"}],"version-history":[{"count":7,"href":"https:\/\/esev.qaportal.ipv.pt\/es\/wp-json\/wp\/v2\/pages\/66577\/revisions"}],"predecessor-version":[{"id":76953,"href":"https:\/\/esev.qaportal.ipv.pt\/es\/wp-json\/wp\/v2\/pages\/66577\/revisions\/76953"}],"up":[{"embeddable":true,"href":"https:\/\/esev.qaportal.ipv.pt\/es\/wp-json\/wp\/v2\/pages\/66573"}],"wp:attachment":[{"href":"https:\/\/esev.qaportal.ipv.pt\/es\/wp-json\/wp\/v2\/media?parent=66577"}],"curies":[{"name":"wp","href":"https:\/\/api.w.org\/{rel}","templated":true}]}}