{"id":66575,"date":"2023-11-21T17:31:34","date_gmt":"2023-11-21T17:31:34","guid":{"rendered":"https:\/\/esev.qaportal.ipv.pt\/estudar\/licenciaturas\/artes-plasticas-e-multimedia\/"},"modified":"2024-04-05T10:13:02","modified_gmt":"2024-04-05T10:13:02","slug":"artes-plasticas-y-multimedia","status":"publish","type":"page","link":"https:\/\/esev.qaportal.ipv.pt\/es\/estudiar\/cursos-de-grado\/artes-plasticas-y-multimedia\/","title":{"rendered":"Artes Pl\u00e1sticas y Multimedia"},"content":{"rendered":"<p>[et_pb_section fb_built=&#8221;1&#8243; _builder_version=&#8221;4.21.0&#8243; _module_preset=&#8221;52b34cf4-0c34-4695-8546-ed0b4c0e44da&#8221; use_background_color_gradient=&#8221;on&#8221; background_color_gradient_stops=&#8221;rgba(43,46,52,0.43) 0%|rgba(43,46,52,0.43) 100%&#8221; background_color_gradient_overlays_image=&#8221;on&#8221; background_color_gradient_start=&#8221;rgba(43,46,52,0.43)&#8221; background_color_gradient_end=&#8221;rgba(43,46,52,0.43)&#8221; background_image=&#8221;https:\/\/esev.qaportal.ipv.pt\/wp-content\/uploads\/sites\/9\/2023\/11\/Artes-Plasticas-e-Multimedia_1-1.jpg&#8221; collapsed=&#8221;on&#8221; global_colors_info=&#8221;{}&#8221;][et_pb_row _builder_version=&#8221;4.21.0&#8243; _module_preset=&#8221;b882f85f-d0b0-46d5-8091-b37ad8a25f99&#8243; global_colors_info=&#8221;{}&#8221;][et_pb_column type=&#8221;4_4&#8243; _builder_version=&#8221;4.16&#8243; _module_preset=&#8221;default&#8221; global_colors_info=&#8221;{}&#8221;][et_pb_text admin_label=&#8221;Text&#8221; _builder_version=&#8221;4.21.0&#8243; _module_preset=&#8221;9fad50c0-67d8-42e4-a430-bc6a6e5c8bb6&#8243; text_font=&#8221;|800|||||||&#8221; text_font_size=&#8221;60px&#8221; text_line_height=&#8221;64px&#8221; hover_enabled=&#8221;0&#8243; global_colors_info=&#8221;{}&#8221; sticky_enabled=&#8221;0&#8243;]<\/p>\n<h1>Artes Pl\u00e1sticas y Multimedia<\/h1>\n<p>[\/et_pb_text][\/et_pb_column][\/et_pb_row][\/et_pb_section][et_pb_section fb_built=&#8221;1&#8243; _builder_version=&#8221;4.21.0&#8243; _module_preset=&#8221;default&#8221; background_color=&#8221;#F2F2F2&#8243; custom_padding=&#8221;0px||0px||true|false&#8221; sticky_position=&#8221;top&#8221; locked=&#8221;off&#8221; global_colors_info=&#8221;{}&#8221;][et_pb_row _builder_version=&#8221;4.21.0&#8243; _module_preset=&#8221;default&#8221; max_width=&#8221;1920px&#8221; custom_padding=&#8221;0px|10%|0px|10%|true|true&#8221; global_colors_info=&#8221;%91%93&#8243;][et_pb_column type=&#8221;4_4&#8243; _builder_version=&#8221;4.21.0&#8243; _module_preset=&#8221;default&#8221; border_width_bottom=&#8221;1px&#8221; border_color_bottom=&#8221;#2B2E34&#8243; global_colors_info=&#8221;{}&#8221;][et_pb_menu menu_id=&#8221;12&#8243; module_class=&#8221;ipv-page-submenu&#8221; _builder_version=&#8221;4.21.0&#8243; _module_preset=&#8221;default&#8221; menu_text_color=&#8221;#2B2E34&#8243; menu_font_size=&#8221;16px&#8221; background_color=&#8221;RGBA(255,255,255,0)&#8221; custom_padding=&#8221;5px||5px||true|false&#8221; hover_enabled=&#8221;0&#8243; global_colors_info=&#8221;{}&#8221; menu_line_height=&#8221;24px&#8221; sticky_enabled=&#8221;0&#8243;][\/et_pb_menu][\/et_pb_column][\/et_pb_row][\/et_pb_section][et_pb_section fb_built=&#8221;1&#8243; admin_label=&#8221;bloco2&#8243; _builder_version=&#8221;4.21.0&#8243; _module_preset=&#8221;4c33c857-96d7-4f33-a60c-78156765ad9e&#8221; background_color=&#8221;#FFFFFF&#8221; collapsed=&#8221;on&#8221; global_colors_info=&#8221;{}&#8221;][et_pb_row column_structure=&#8221;2_3,1_3&#8243; use_custom_gutter=&#8221;on&#8221; gutter_width=&#8221;2&#8243; module_id=&#8221;objetivos&#8221; _builder_version=&#8221;4.21.0&#8243; _module_preset=&#8221;4bbeaf08-d0da-41bb-a6f1-8af3f795f20d&#8221; global_colors_info=&#8221;{}&#8221;][et_pb_column type=&#8221;2_3&#8243; _builder_version=&#8221;4.16&#8243; _module_preset=&#8221;default&#8221; global_colors_info=&#8221;{}&#8221;][et_pb_text _builder_version=&#8221;4.21.0&#8243; _module_preset=&#8221;1b3ce133-bc31-48b5-9ae5-91583293058c&#8221; custom_margin=&#8221;||20px||false|false&#8221; hover_enabled=&#8221;0&#8243; global_colors_info=&#8221;{}&#8221; sticky_enabled=&#8221;0&#8243;]<\/p>\n<h2>Presentaci\u00f3n<\/h2>\n<p>El plan de estudios de este grado en Artes Pl\u00e1sticas y Multimedia se estructur\u00f3 teniendo en cuenta las especificidades de su \u00e1rea predominante (Arte), as\u00ed como la pertinencia de establecer una conexi\u00f3n entre dos \u00e1reas que est\u00e1n actualmente vinculadas en el mundo del trabajo, a nivel tanto de la industria de contenidos como de la creaci\u00f3n art\u00edstica contempor\u00e1nea: Artes y Tecnolog\u00edas de la Informaci\u00f3n.<\/p>\n<p>[\/et_pb_text][et_pb_text _builder_version=&#8221;4.21.0&#8243; _module_preset=&#8221;1b3ce133-bc31-48b5-9ae5-91583293058c&#8221; global_colors_info=&#8221;{}&#8221;]<strong>Coordinador:<\/strong> <a href=\"mailto:apm@esev.ipv.pt\">Profesora Catarina Sousa<\/a>[\/et_pb_text][et_pb_toggle title=&#8221;Salidas Profesionales&#8221; _builder_version=&#8221;4.21.0&#8243; _module_preset=&#8221;d3f45b1c-8a9b-433c-a2a4-f3c3b1e3447b&#8221; global_colors_info=&#8221;{}&#8221;]El curso permitir\u00e1 formar profesionales con competencias en la producci\u00f3n y promoci\u00f3n de la imagen empresarial\/ institucional en el \u00e1rea de las artes gr\u00e1ficas y del multimedia. En cuanto a las caracter\u00edsticas y flexibilidad del perfil del licenciado se considera que constituir\u00e1 una plusval\u00eda para departamentos comerciales, de marketing, agencias de publicidad, gabinetes de dise\u00f1o, empresas en el \u00e1rea de Multimedia, prensa nacional, regional o local, tipograf\u00edas, editoriales, empresas industriales y de servicios, instituciones p\u00fablicas o privadas. Entre otras, las actividades a desempe\u00f1ar por estos profesionales podr\u00e1n ser: producci\u00f3n y promoci\u00f3n de la imagen y de la identidad visual de empresas\/ instituciones; coordinaci\u00f3n y creaci\u00f3n en el \u00e1rea de las artes gr\u00e1ficas; creaci\u00f3n y producci\u00f3n de contenidos\/ productos multimedia, Asesoramiento en el \u00e1rea de comunicaci\u00f3n.[\/et_pb_toggle][et_pb_toggle title=&#8221;Plan de Estudios&#8221; disabled_on=&#8221;on|on|on&#8221; _builder_version=&#8221;4.21.0&#8243; _module_preset=&#8221;7bdd8cac-8029-4319-b397-508a8694f96d&#8221; disabled=&#8221;on&#8221; global_colors_info=&#8221;{}&#8221;][\/et_pb_toggle][et_pb_toggle title=&#8221;Aplicaciones&#8221; _builder_version=&#8221;4.21.0&#8243; _module_preset=&#8221;7bdd8cac-8029-4319-b397-508a8694f96d&#8221; global_colors_info=&#8221;{}&#8221;]<\/p>\n<p><strong>Nota:<\/strong> La informaci\u00f3n disponible no exime a los solicitantes de consultar el sitio web de la Direcci\u00f3n General de Educaci\u00f3n Superior (DGES) y\/ o del sitio de los Solicitantes.<\/p>\n<p>[\/et_pb_toggle][et_pb_button button_url=&#8221;https:\/\/esev.qaportal.ipv.pt\/es\/estudiar\/cursos-de-grado\/artes-plasticas-y-multimedia\/acreditacion\/&#8221; button_text=&#8221;Acreditaci\u00f3n&#8221; _builder_version=&#8221;4.21.0&#8243; _module_preset=&#8221;82f08daa-c31c-4bf3-8ae9-caabd3de6ae4&#8243; global_colors_info=&#8221;{}&#8221;][\/et_pb_button][\/et_pb_column][et_pb_column type=&#8221;1_3&#8243; _builder_version=&#8221;4.16&#8243; _module_preset=&#8221;default&#8221; global_colors_info=&#8221;{}&#8221;][et_pb_text _builder_version=&#8221;4.21.0&#8243; _module_preset=&#8221;1b3ce133-bc31-48b5-9ae5-91583293058c&#8221; link_font=&#8221;PV Sans Regular||||on|||#96353C|&#8221; hover_enabled=&#8221;0&#8243; global_module=&#8221;67761&#8243; global_colors_info=&#8221;{}&#8221; sticky_enabled=&#8221;0&#8243;]<\/p>\n<p><strong>Curso:<\/strong><br \/>Artes Pl\u00e1sticas y Multimedia<\/p>\n<p><strong>Grado:<\/strong><br \/>Cursos de Grado<\/p>\n<p><strong>Duraci\u00f3n:<\/strong><br \/>3 a\u00f1os acad\u00e9micos \/ 6 semestres<\/p>\n<p><strong>Coordinador:<\/strong><br \/><a href=\"mailto:apm@esev.ipv.pt\">Profesora Catarina Sousa<\/a><\/p>\n<p>[\/et_pb_text][\/et_pb_column][\/et_pb_row][\/et_pb_section]<\/p>\n","protected":false},"excerpt":{"rendered":"<p>Artes Pl\u00e1sticas y MultimediaPresentaci\u00f3n El plan de estudios de este grado en Artes Pl\u00e1sticas y Multimedia se estructur\u00f3 teniendo en cuenta las especificidades de su \u00e1rea predominante (Arte), as\u00ed como [&hellip;]<\/p>\n","protected":false},"author":1,"featured_media":0,"parent":66573,"menu_order":0,"comment_status":"closed","ping_status":"closed","template":"","meta":{"_et_pb_use_builder":"on","_et_pb_old_content":"","_et_gb_content_width":"","inline_featured_image":false,"_price":"","_stock":"","_tribe_ticket_header":"","_tribe_default_ticket_provider":"","_tribe_ticket_capacity":"0","_ticket_start_date":"","_ticket_end_date":"","_tribe_ticket_show_description":"","_tribe_ticket_show_not_going":false,"_tribe_ticket_use_global_stock":"","_tribe_ticket_global_stock_level":"","_global_stock_mode":"","_global_stock_cap":"","_tribe_rsvp_for_event":"","_tribe_ticket_going_count":"","_tribe_ticket_not_going_count":"","_tribe_tickets_list":"[]","_tribe_ticket_has_attendee_info_fields":false,"footnotes":"","_tec_slr_enabled":"","_tec_slr_layout":""},"class_list":["post-66575","page","type-page","status-publish","hentry"],"ticketed":false,"_links":{"self":[{"href":"https:\/\/esev.qaportal.ipv.pt\/es\/wp-json\/wp\/v2\/pages\/66575","targetHints":{"allow":["GET"]}}],"collection":[{"href":"https:\/\/esev.qaportal.ipv.pt\/es\/wp-json\/wp\/v2\/pages"}],"about":[{"href":"https:\/\/esev.qaportal.ipv.pt\/es\/wp-json\/wp\/v2\/types\/page"}],"author":[{"embeddable":true,"href":"https:\/\/esev.qaportal.ipv.pt\/es\/wp-json\/wp\/v2\/users\/1"}],"replies":[{"embeddable":true,"href":"https:\/\/esev.qaportal.ipv.pt\/es\/wp-json\/wp\/v2\/comments?post=66575"}],"version-history":[{"count":7,"href":"https:\/\/esev.qaportal.ipv.pt\/es\/wp-json\/wp\/v2\/pages\/66575\/revisions"}],"predecessor-version":[{"id":76941,"href":"https:\/\/esev.qaportal.ipv.pt\/es\/wp-json\/wp\/v2\/pages\/66575\/revisions\/76941"}],"up":[{"embeddable":true,"href":"https:\/\/esev.qaportal.ipv.pt\/es\/wp-json\/wp\/v2\/pages\/66573"}],"wp:attachment":[{"href":"https:\/\/esev.qaportal.ipv.pt\/es\/wp-json\/wp\/v2\/media?parent=66575"}],"curies":[{"name":"wp","href":"https:\/\/api.w.org\/{rel}","templated":true}]}}