{"id":66566,"date":"2023-11-21T12:17:09","date_gmt":"2023-11-21T12:17:09","guid":{"rendered":"https:\/\/esev.qaportal.ipv.pt\/estudar\/pos-graduacoes\/direcao-artistica-na-producao-audiovisual\/"},"modified":"2024-04-05T09:57:00","modified_gmt":"2024-04-05T09:57:00","slug":"direccion-artistica-para-la-produccion-audiovisual","status":"publish","type":"page","link":"https:\/\/esev.qaportal.ipv.pt\/es\/estudiar\/cursos-de-postgrado\/direccion-artistica-para-la-produccion-audiovisual\/","title":{"rendered":"Direcci\u00f3n Art\u00edstica para la Producci\u00f3n Audiovisual"},"content":{"rendered":"<p>[et_pb_section fb_built=&#8221;1&#8243; _builder_version=&#8221;4.21.0&#8243; _module_preset=&#8221;52b34cf4-0c34-4695-8546-ed0b4c0e44da&#8221; use_background_color_gradient=&#8221;on&#8221; background_color_gradient_stops=&#8221;rgba(43,46,52,0.43) 0%|rgba(43,46,52,0.43) 100%&#8221; background_color_gradient_overlays_image=&#8221;on&#8221; background_color_gradient_start=&#8221;rgba(43,46,52,0.43)&#8221; background_color_gradient_end=&#8221;rgba(43,46,52,0.43)&#8221; background_image=&#8221;https:\/\/esev.qaportal.ipv.pt\/wp-content\/uploads\/sites\/9\/2023\/11\/cameraman-profissional-gravando-pessoas-assistindo-futebol-em-um-local-publico-a-noite-scaled.jpg&#8221; collapsed=&#8221;on&#8221; global_colors_info=&#8221;{}&#8221;][et_pb_row _builder_version=&#8221;4.21.0&#8243; _module_preset=&#8221;b882f85f-d0b0-46d5-8091-b37ad8a25f99&#8243; global_colors_info=&#8221;{}&#8221;][et_pb_column type=&#8221;4_4&#8243; _builder_version=&#8221;4.16&#8243; _module_preset=&#8221;default&#8221; global_colors_info=&#8221;{}&#8221;][et_pb_text admin_label=&#8221;Text&#8221; _builder_version=&#8221;4.21.0&#8243; _module_preset=&#8221;9fad50c0-67d8-42e4-a430-bc6a6e5c8bb6&#8243; text_font=&#8221;|800|||||||&#8221; text_font_size=&#8221;60px&#8221; text_line_height=&#8221;64px&#8221; hover_enabled=&#8221;0&#8243; global_colors_info=&#8221;{}&#8221; sticky_enabled=&#8221;0&#8243;]<\/p>\n<h1>Direcci\u00f3n Art\u00edstica para la Producci\u00f3n Audiovisual<\/h1>\n<p>[\/et_pb_text][\/et_pb_column][\/et_pb_row][\/et_pb_section][et_pb_section fb_built=&#8221;1&#8243; _builder_version=&#8221;4.21.0&#8243; _module_preset=&#8221;default&#8221; background_color=&#8221;#F2F2F2&#8243; custom_padding=&#8221;0px||0px||true|false&#8221; sticky_position=&#8221;top&#8221; locked=&#8221;off&#8221; global_colors_info=&#8221;{}&#8221;][et_pb_row _builder_version=&#8221;4.21.0&#8243; _module_preset=&#8221;default&#8221; max_width=&#8221;1920px&#8221; custom_padding=&#8221;0px|10%|0px|10%|true|true&#8221; global_colors_info=&#8221;%91%93&#8243;][et_pb_column type=&#8221;4_4&#8243; _builder_version=&#8221;4.21.0&#8243; _module_preset=&#8221;default&#8221; border_width_bottom=&#8221;1px&#8221; border_color_bottom=&#8221;#2B2E34&#8243; global_colors_info=&#8221;{}&#8221;][et_pb_menu menu_id=&#8221;12&#8243; module_class=&#8221;ipv-page-submenu&#8221; _builder_version=&#8221;4.21.0&#8243; _module_preset=&#8221;default&#8221; menu_text_color=&#8221;#2B2E34&#8243; menu_font_size=&#8221;16px&#8221; background_color=&#8221;RGBA(255,255,255,0)&#8221; custom_padding=&#8221;5px||5px||true|false&#8221; hover_enabled=&#8221;0&#8243; global_colors_info=&#8221;{}&#8221; menu_line_height=&#8221;24px&#8221; sticky_enabled=&#8221;0&#8243;][\/et_pb_menu][\/et_pb_column][\/et_pb_row][\/et_pb_section][et_pb_section fb_built=&#8221;1&#8243; admin_label=&#8221;bloco2&#8243; _builder_version=&#8221;4.21.0&#8243; _module_preset=&#8221;4c33c857-96d7-4f33-a60c-78156765ad9e&#8221; background_color=&#8221;#FFFFFF&#8221; collapsed=&#8221;on&#8221; global_colors_info=&#8221;{}&#8221;][et_pb_row column_structure=&#8221;2_3,1_3&#8243; module_id=&#8221;objetivos&#8221; _builder_version=&#8221;4.21.0&#8243; _module_preset=&#8221;4bbeaf08-d0da-41bb-a6f1-8af3f795f20d&#8221; global_colors_info=&#8221;{}&#8221;][et_pb_column type=&#8221;2_3&#8243; _builder_version=&#8221;4.16&#8243; _module_preset=&#8221;default&#8221; global_colors_info=&#8221;{}&#8221;][et_pb_text _builder_version=&#8221;4.21.0&#8243; _module_preset=&#8221;1b3ce133-bc31-48b5-9ae5-91583293058c&#8221; custom_margin=&#8221;||20px||false|false&#8221; hover_enabled=&#8221;0&#8243; global_colors_info=&#8221;{}&#8221; sticky_enabled=&#8221;0&#8243;]<\/p>\n<h2>Presentaci\u00f3n<\/h2>\n<p>El curso de posgrado en Direcci\u00f3n Art\u00edstica para la Producci\u00f3n Audiovisual tiene como objetivo general la promoci\u00f3n de una formaci\u00f3n interdisciplinaria que combine un componente te\u00f3rico riguroso con una especializaci\u00f3n emp\u00edrica en las \u00e1reas de enmarcaci\u00f3n.<\/p>\n<p>Se ofrece un nuevo formato de capacitaci\u00f3n sobre el desarrollo del proceso creativo audiovisual, centr\u00e1ndose en las \u00e1reas de direcci\u00f3n de arte y apuntando al concepto est\u00e9tico de proyectos y productos.<\/p>\n<p>A lo largo del per\u00edodo de capacitaci\u00f3n, los estudiantes son estimulados hacia la experimentaci\u00f3n art\u00edstica y tecnol\u00f3gica, con el objetivo final de adquirir habilidades s\u00f3lidas conceptuales y art\u00edsticamente creativas que se expresen en la concepci\u00f3n de una obra \/ producto audiovisual.<\/p>\n<p>La prioridad es consolidar las habilidades cinematogr\u00e1ficas, desde la concepci\u00f3n hasta la producci\u00f3n final de una obra audiovisual, centr\u00e1ndose en las \u00e1reas de escritura de guiones, escenograf\u00eda, est\u00e9tica, direcci\u00f3n e interpretaci\u00f3n de los actores.<\/p>\n<p>[\/et_pb_text][et_pb_text _builder_version=&#8221;4.21.0&#8243; _module_preset=&#8221;1b3ce133-bc31-48b5-9ae5-91583293058c&#8221; global_colors_info=&#8221;{}&#8221;]<\/p>\n<p><strong>Coordinador:<\/strong> <a href=\"mailto:fraga@esev.ipv.pt\">Dr. Jorge Manuel Fraga de Mendon\u00e7a<\/a><\/p>\n<p>[\/et_pb_text][et_pb_toggle title=&#8221;Salidas profesionales&#8221; _builder_version=&#8221;4.21.0&#8243; _module_preset=&#8221;d3f45b1c-8a9b-433c-a2a4-f3c3b1e3447b&#8221; global_colors_info=&#8221;{}&#8221;]<\/p>\n<p>Son objetivos de este Post-Graduaci\u00f3n la transmisi\u00f3n de conocimientos que posibiliten al habilitado ejercer las siguientes funciones:<\/p>\n<ul>\n<li>Desarrollo y escritura de proyectos audiovisuales;<\/li>\n<li>Desarrollo de proyectos escenogr\u00e1ficos, as\u00ed como figurines y caracterizaci\u00f3n para el audiovisual;<\/li>\n<li>Ejercicio de funciones en el \u00e1mbito de la direcci\u00f3n art\u00edstica;<\/li>\n<li>Ejercicio de funciones en el \u00e1mbito de la direcci\u00f3n de actores, casting y coaching;<\/li>\n<li>Ejercicio profesional en el marco de la realizaci\u00f3n y asistencia de realizaci\u00f3n en proyectos audiovisuales;<\/li>\n<li>Producci\u00f3n, producci\u00f3n ejecutiva y asistencia de producci\u00f3n de proyectos audiovisuales;<\/li>\n<li>Ejercicio profesional de captaci\u00f3n, edici\u00f3n y post-producci\u00f3n de v\u00eddeo y audio.<\/li>\n<\/ul>\n<p>[\/et_pb_toggle][et_pb_toggle title=&#8221;Plan de Estudios&#8221; disabled_on=&#8221;on|on|on&#8221; _builder_version=&#8221;4.21.0&#8243; _module_preset=&#8221;7bdd8cac-8029-4319-b397-508a8694f96d&#8221; disabled=&#8221;on&#8221; global_colors_info=&#8221;{}&#8221;][\/et_pb_toggle][et_pb_toggle title=&#8221;Aplicaciones&#8221; _builder_version=&#8221;4.21.0&#8243; _module_preset=&#8221;7bdd8cac-8029-4319-b397-508a8694f96d&#8221; global_colors_info=&#8221;{}&#8221;]En breve se dar\u00e1n indicaciones sobre un nuevo per\u00edodo de candidaturas.[\/et_pb_toggle][\/et_pb_column][et_pb_column type=&#8221;1_3&#8243; _builder_version=&#8221;4.16&#8243; _module_preset=&#8221;default&#8221; global_colors_info=&#8221;{}&#8221;][et_pb_text _builder_version=&#8221;4.21.0&#8243; _module_preset=&#8221;1b3ce133-bc31-48b5-9ae5-91583293058c&#8221; link_font=&#8221;PV Sans Regular||||on|||#96353C|&#8221; hover_enabled=&#8221;0&#8243; global_colors_info=&#8221;{}&#8221; sticky_enabled=&#8221;0&#8243;]<\/p>\n<p><strong>Curso:<\/strong><br \/>Direcci\u00f3n Art\u00edstica para la Producci\u00f3n Audiovisual<\/p>\n<p><strong>Grado:<\/strong><br \/>Cursos de Postgrado<\/p>\n<p><strong>Duraci\u00f3n:<\/strong><br \/>1 a\u00f1o acad\u00e9mico<\/p>\n<p><strong>Coordinador:<\/strong><br \/><span style=\"color: #339966;\"><a style=\"color: #339966;\" href=\"mailto:fraga@esev.ipv.pt\">Dr. Jorge Manuel Fraga de Mendon\u00e7a <\/a><\/span><\/p>\n<p>[\/et_pb_text][\/et_pb_column][\/et_pb_row][\/et_pb_section]<\/p>\n","protected":false},"excerpt":{"rendered":"<p>Direcci\u00f3n Art\u00edstica para la Producci\u00f3n AudiovisualPresentaci\u00f3n El curso de posgrado en Direcci\u00f3n Art\u00edstica para la Producci\u00f3n Audiovisual tiene como objetivo general la promoci\u00f3n de una formaci\u00f3n interdisciplinaria que combine un [&hellip;]<\/p>\n","protected":false},"author":1,"featured_media":0,"parent":66564,"menu_order":0,"comment_status":"closed","ping_status":"closed","template":"","meta":{"_et_pb_use_builder":"on","_et_pb_old_content":"","_et_gb_content_width":"","inline_featured_image":false,"_price":"","_stock":"","_tribe_ticket_header":"","_tribe_default_ticket_provider":"","_tribe_ticket_capacity":"0","_ticket_start_date":"","_ticket_end_date":"","_tribe_ticket_show_description":"","_tribe_ticket_show_not_going":false,"_tribe_ticket_use_global_stock":"","_tribe_ticket_global_stock_level":"","_global_stock_mode":"","_global_stock_cap":"","_tribe_rsvp_for_event":"","_tribe_ticket_going_count":"","_tribe_ticket_not_going_count":"","_tribe_tickets_list":"[]","_tribe_ticket_has_attendee_info_fields":false,"footnotes":"","_tec_slr_enabled":"","_tec_slr_layout":""},"class_list":["post-66566","page","type-page","status-publish","hentry"],"ticketed":false,"_links":{"self":[{"href":"https:\/\/esev.qaportal.ipv.pt\/es\/wp-json\/wp\/v2\/pages\/66566","targetHints":{"allow":["GET"]}}],"collection":[{"href":"https:\/\/esev.qaportal.ipv.pt\/es\/wp-json\/wp\/v2\/pages"}],"about":[{"href":"https:\/\/esev.qaportal.ipv.pt\/es\/wp-json\/wp\/v2\/types\/page"}],"author":[{"embeddable":true,"href":"https:\/\/esev.qaportal.ipv.pt\/es\/wp-json\/wp\/v2\/users\/1"}],"replies":[{"embeddable":true,"href":"https:\/\/esev.qaportal.ipv.pt\/es\/wp-json\/wp\/v2\/comments?post=66566"}],"version-history":[{"count":6,"href":"https:\/\/esev.qaportal.ipv.pt\/es\/wp-json\/wp\/v2\/pages\/66566\/revisions"}],"predecessor-version":[{"id":76905,"href":"https:\/\/esev.qaportal.ipv.pt\/es\/wp-json\/wp\/v2\/pages\/66566\/revisions\/76905"}],"up":[{"embeddable":true,"href":"https:\/\/esev.qaportal.ipv.pt\/es\/wp-json\/wp\/v2\/pages\/66564"}],"wp:attachment":[{"href":"https:\/\/esev.qaportal.ipv.pt\/es\/wp-json\/wp\/v2\/media?parent=66566"}],"curies":[{"name":"wp","href":"https:\/\/api.w.org\/{rel}","templated":true}]}}