{"id":67764,"date":"2024-01-17T14:40:43","date_gmt":"2024-01-17T14:40:43","guid":{"rendered":"https:\/\/esev.qaportal.ipv.pt\/study\/bachelors-courses\/media-studies\/acreditacao\/"},"modified":"2024-04-05T11:39:33","modified_gmt":"2024-04-05T11:39:33","slug":"accreditation","status":"publish","type":"page","link":"https:\/\/esev.qaportal.ipv.pt\/en\/study\/bachelors-courses\/media-studies\/accreditation\/","title":{"rendered":"Accreditation"},"content":{"rendered":"<p>[et_pb_section fb_built=&#8221;1&#8243; _builder_version=&#8221;4.21.0&#8243; _module_preset=&#8221;52b34cf4-0c34-4695-8546-ed0b4c0e44da&#8221; use_background_color_gradient=&#8221;on&#8221; background_color_gradient_stops=&#8221;rgba(43,46,52,0.43) 0%|rgba(43,46,52,0.43) 100%&#8221; background_color_gradient_overlays_image=&#8221;on&#8221; background_color_gradient_start=&#8221;rgba(43,46,52,0.43)&#8221; background_color_gradient_end=&#8221;rgba(43,46,52,0.43)&#8221; background_image=&#8221;https:\/\/esev.qaportal.ipv.pt\/wp-content\/uploads\/sites\/9\/2023\/11\/IMG_4684-scaled-1.jpg&#8221; collapsed=&#8221;on&#8221; global_colors_info=&#8221;{}&#8221;][et_pb_row _builder_version=&#8221;4.21.0&#8243; _module_preset=&#8221;b882f85f-d0b0-46d5-8091-b37ad8a25f99&#8243; global_colors_info=&#8221;{}&#8221;][et_pb_column type=&#8221;4_4&#8243; _builder_version=&#8221;4.16&#8243; _module_preset=&#8221;default&#8221; global_colors_info=&#8221;{}&#8221;][et_pb_text admin_label=&#8221;Text&#8221; _builder_version=&#8221;4.21.0&#8243; _module_preset=&#8221;9fad50c0-67d8-42e4-a430-bc6a6e5c8bb6&#8243; text_font=&#8221;|800|||||||&#8221; text_font_size=&#8221;60px&#8221; text_line_height=&#8221;64px&#8221; global_colors_info=&#8221;{}&#8221;]<\/p>\n<h1>Media Studies<\/h1>\n<h2>Accreditation<\/h2>\n<p>[\/et_pb_text][\/et_pb_column][\/et_pb_row][\/et_pb_section][et_pb_section fb_built=&#8221;1&#8243; _builder_version=&#8221;4.21.0&#8243; _module_preset=&#8221;default&#8221; background_color=&#8221;#F2F2F2&#8243; custom_padding=&#8221;0px||0px||true|false&#8221; sticky_position=&#8221;top&#8221; locked=&#8221;off&#8221; global_colors_info=&#8221;{}&#8221;][et_pb_row _builder_version=&#8221;4.21.0&#8243; _module_preset=&#8221;default&#8221; max_width=&#8221;1920px&#8221; custom_padding=&#8221;0px|10%|0px|10%|true|true&#8221; global_colors_info=&#8221;%91%93&#8243;][et_pb_column type=&#8221;4_4&#8243; _builder_version=&#8221;4.21.0&#8243; _module_preset=&#8221;default&#8221; border_width_bottom=&#8221;1px&#8221; border_color_bottom=&#8221;#2B2E34&#8243; global_colors_info=&#8221;{}&#8221;][et_pb_menu menu_id=&#8221;12&#8243; module_class=&#8221;ipv-page-submenu&#8221; _builder_version=&#8221;4.21.0&#8243; _module_preset=&#8221;default&#8221; menu_text_color=&#8221;#2B2E34&#8243; menu_font_size=&#8221;16px&#8221; menu_line_height=&#8221;24px&#8221; background_color=&#8221;RGBA(255,255,255,0)&#8221; custom_padding=&#8221;5px||5px||true|false&#8221; global_colors_info=&#8221;{}&#8221;][\/et_pb_menu][\/et_pb_column][\/et_pb_row][\/et_pb_section][et_pb_section fb_built=&#8221;1&#8243; admin_label=&#8221;bloco2&#8243; _builder_version=&#8221;4.21.0&#8243; _module_preset=&#8221;4c33c857-96d7-4f33-a60c-78156765ad9e&#8221; background_color=&#8221;#FFFFFF&#8221; collapsed=&#8221;on&#8221; global_colors_info=&#8221;{}&#8221;][et_pb_row column_structure=&#8221;2_3,1_3&#8243; use_custom_gutter=&#8221;on&#8221; gutter_width=&#8221;2&#8243; module_id=&#8221;objetivos&#8221; _builder_version=&#8221;4.21.0&#8243; _module_preset=&#8221;4bbeaf08-d0da-41bb-a6f1-8af3f795f20d&#8221; global_colors_info=&#8221;{}&#8221;][et_pb_column type=&#8221;2_3&#8243; _builder_version=&#8221;4.16&#8243; _module_preset=&#8221;default&#8221; global_colors_info=&#8221;{}&#8221;][et_pb_text _builder_version=&#8221;4.21.0&#8243; _module_preset=&#8221;1b3ce133-bc31-48b5-9ae5-91583293058c&#8221; custom_margin=&#8221;||20px||false|false&#8221; global_colors_info=&#8221;{}&#8221;]<\/p>\n<h2>Accreditation<\/h2>\n<p>[\/et_pb_text][et_pb_text _builder_version=&#8221;4.21.0&#8243; _module_preset=&#8221;1b3ce133-bc31-48b5-9ae5-91583293058c&#8221; custom_margin=&#8221;||50px||false|false&#8221; hover_enabled=&#8221;0&#8243; global_colors_info=&#8221;{}&#8221; sticky_enabled=&#8221;0&#8243;]<\/p>\n<table border=\"0\" width=\"717\">\n<tbody>\n<caption>Accreditation<\/caption>\n<tr>\n<th width=\"268\" height=\"30\"><strong>Accreditation status by A3ES<\/strong><\/th>\n<th width=\"439\">Accredited<\/th>\n<\/tr>\n<tr>\n<td width=\"268\" height=\"40\"><strong>Publication date of A3ES decision<\/strong><\/td>\n<td>18th February 2015<\/td>\n<\/tr>\n<tr>\n<td width=\"268\" height=\"40\"><strong>Number of years of accreditation<\/strong><\/td>\n<td>6<\/td>\n<\/tr>\n<tr>\n<td width=\"268\" height=\"40\"><strong>A3ES deliberation<\/strong><\/td>\n<td><a href=\"https:\/\/www.a3es.pt\/pt\/resultados-acreditacao\/9054-comunicacao-social-1\" target=\"_blank\" rel=\"noopener\">https:\/\/www.a3es.pt\/pt\/resultados-acreditacao\/9054-comunicacao-social-1<\/a><\/td>\n<\/tr>\n<tr>\n<td width=\"268\" height=\"40\"><strong>Accreditation<\/strong><\/td>\n<td><a href=\"https:\/\/esev.qaportal.ipv.pt\/wp-content\/uploads\/sites\/9\/2023\/11\/ACEF_1819_0219042_acef_2018_2019_dec_fin_ca.pdf\" target=\"_blank\" rel=\"noopener\"><img loading=\"lazy\" decoding=\"async\" class=\"wp-image-58972 alignnone size-full\" src=\"https:\/\/esev.qaportal.ipv.pt\/wp-content\/uploads\/sites\/9\/2023\/11\/logo_pdf-1.png\" alt=\"See PDF Accreditation\" width=\"35\" height=\"36\" \/><\/a><\/td>\n<\/tr>\n<tr>\n<td width=\"268\" height=\"40\"><strong>Self-evaluation guide<\/strong><\/td>\n<td><a href=\"https:\/\/esev.qaportal.ipv.pt\/wp-content\/uploads\/sites\/9\/2023\/11\/COMUNICACAO_SOCIAL_ACEF_1819_0219042.pdf\" target=\"_blank\" rel=\"noopener\"><img loading=\"lazy\" decoding=\"async\" class=\"wp-image-58972 alignnone size-full\" src=\"https:\/\/esev.qaportal.ipv.pt\/wp-content\/uploads\/sites\/9\/2023\/11\/logo_pdf-1.png\" alt=\"See PDF Self-evaluation guide\" width=\"35\" height=\"36\" \/><\/a><\/td>\n<\/tr>\n<tr>\n<td width=\"268\" height=\"40\"><strong>External evaluation report<\/strong><\/td>\n<td><a href=\"https:\/\/esev.qaportal.ipv.pt\/wp-content\/uploads\/sites\/9\/2023\/11\/ACEF_1819_0219042_acef_2018_2019_aacef.pdf\" target=\"_blank\" rel=\"noopener\"><img loading=\"lazy\" decoding=\"async\" class=\"wp-image-58972 alignnone size-full\" src=\"https:\/\/esev.qaportal.ipv.pt\/wp-content\/uploads\/sites\/9\/2023\/11\/logo_pdf-1.png\" alt=\"See PDF External evaluation report\" width=\"35\" height=\"36\" \/><\/a><\/td>\n<\/tr>\n<tr>\n<td width=\"268\" height=\"40\"><strong>Course report<\/strong><\/p>\n<p>&nbsp;<\/p>\n<p>&nbsp;<\/p>\n<p>&nbsp;<\/p>\n<p>&nbsp;<\/p>\n<p>&nbsp;<\/td>\n<td><a href=\"https:\/\/esev.qaportal.ipv.pt\/wp-content\/uploads\/sites\/9\/2023\/11\/202122_409054_privada.pdf\" target=\"_blank\" rel=\"noopener\">2021\/2022<\/a><\/p>\n<p><a href=\"https:\/\/esev.qaportal.ipv.pt\/wp-content\/uploads\/sites\/9\/2023\/11\/RAC_CS_20_21.pdf\" target=\"_blank\" rel=\"noopener\">2020\/2021<\/a><\/p>\n<p><a href=\"https:\/\/esev.qaportal.ipv.pt\/wp-content\/uploads\/sites\/9\/2023\/11\/RC-19-20-CS.pdf\" target=\"_blank\" rel=\"noopener\">2019\/2020<\/a><\/p>\n<p><a href=\"https:\/\/esev.qaportal.ipv.pt\/wp-content\/uploads\/sites\/9\/2023\/11\/RELATORIO_CURSO_CS_2018-2019.pdf\" target=\"_blank\" rel=\"noopener\">2018\/2019<\/a><\/p>\n<p><a href=\"https:\/\/esev.qaportal.ipv.pt\/wp-content\/uploads\/sites\/9\/2023\/11\/RelatorioAvaliacaoCS2017.2018_v2.pdf\" target=\"_blank\" rel=\"noopener\">2017\/2018<\/a><\/td>\n<\/tr>\n<tr>\n<td width=\"268\" height=\"40\"><strong>Employability<\/strong><\/td>\n<td><a href=\"http:\/\/infocursos.mec.pt\/dges.asp?code=3181&amp;codc=9054\" target=\"_blank\" rel=\"noopener\">InfoCursos<\/a> ou <a href=\"http:\/\/www.dgeec.mec.pt\/np4\/92\" target=\"_blank\" rel=\"noopener\">DGEEC <\/a>ou <a href=\"https:\/\/esev.qaportal.ipv.pt\/wp-content\/uploads\/sites\/9\/2023\/11\/DAF_Estatisticas.pdf\"><img loading=\"lazy\" decoding=\"async\" class=\"wp-image-58972 alignnone size-full\" src=\"https:\/\/esev.qaportal.ipv.pt\/wp-content\/uploads\/sites\/9\/2023\/11\/logo_pdf-1.png\" alt=\"See PDF Employability\" width=\"35\" height=\"36\" \/><\/a><\/td>\n<\/tr>\n<\/tbody>\n<\/table>\n<p>A informa\u00e7\u00e3o disponibilizada nesta p\u00e1gina n\u00e3o dispensa consulta \u00e0 p\u00e1gina de <a href=\"http:\/\/www.dges.mctes.pt\/DGES\/pt\" target=\"_blank\" rel=\"noopener\">acesso ao ensino superior<\/a>[\/et_pb_text][et_pb_button button_url=&#8221;https:\/\/esev.qaportal.ipv.pt\/en\/study\/bachelors-courses\/media-studies\/&#8221; button_text=&#8221;Career Opportunities&#8221; _builder_version=&#8221;4.21.0&#8243; _module_preset=&#8221;82f08daa-c31c-4bf3-8ae9-caabd3de6ae4&#8243; global_colors_info=&#8221;{}&#8221;][\/et_pb_button][et_pb_button button_url=&#8221;https:\/\/esev.qaportal.ipv.pt\/en\/study\/bachelors-courses\/media-studies\/&#8221; button_text=&#8221;Study Plan&#8221; _builder_version=&#8221;4.21.0&#8243; _module_preset=&#8221;82f08daa-c31c-4bf3-8ae9-caabd3de6ae4&#8243; global_colors_info=&#8221;{}&#8221;][\/et_pb_button][et_pb_button button_url=&#8221;https:\/\/esev.qaportal.ipv.pt\/en\/study\/bachelors-courses\/media-studies\/&#8221; button_text=&#8221;Applications&#8221; _builder_version=&#8221;4.21.0&#8243; _module_preset=&#8221;82f08daa-c31c-4bf3-8ae9-caabd3de6ae4&#8243; global_colors_info=&#8221;{}&#8221;][\/et_pb_button][\/et_pb_column][et_pb_column type=&#8221;1_3&#8243; _builder_version=&#8221;4.16&#8243; _module_preset=&#8221;default&#8221; global_colors_info=&#8221;{}&#8221;][et_pb_text _builder_version=&#8221;4.21.0&#8243; _module_preset=&#8221;1b3ce133-bc31-48b5-9ae5-91583293058c&#8221; link_font=&#8221;PV Sans Regular||||on|||#96353C|&#8221; global_module=&#8221;67682&#8243; saved_tabs=&#8221;all&#8221; global_colors_info=&#8221;{}&#8221;]<\/p>\n<p><strong>Course:<\/strong><br \/>Media Studies<\/p>\n<p><strong>Degree or Diploma:<\/strong><br \/>Bachelor&#8217;s Degree<\/p>\n<p><strong>Duration:<\/strong><br \/>3 curricular years \/ 6 semesters<\/p>\n<p><strong>Coordinator:<\/strong><br \/><a href=\"mailto:cs@esev.ipv.pt\">Professor Joana Martins<\/a><\/p>\n<p>[\/et_pb_text][\/et_pb_column][\/et_pb_row][\/et_pb_section]<\/p>\n","protected":false},"excerpt":{"rendered":"<p>Media Studies AccreditationAccreditation Accreditation Accreditation status by A3ES Accredited Publication date of A3ES decision 18th February 2015 Number of years of accreditation 6 A3ES deliberation https:\/\/www.a3es.pt\/pt\/resultados-acreditacao\/9054-comunicacao-social-1 Accreditation Self-evaluation guide External [&hellip;]<\/p>\n","protected":false},"author":1,"featured_media":0,"parent":66181,"menu_order":0,"comment_status":"closed","ping_status":"closed","template":"","meta":{"_et_pb_use_builder":"on","_et_pb_old_content":"","_et_gb_content_width":"","inline_featured_image":false,"_price":"","_stock":"","_tribe_ticket_header":"","_tribe_default_ticket_provider":"","_tribe_ticket_capacity":"0","_ticket_start_date":"","_ticket_end_date":"","_tribe_ticket_show_description":"","_tribe_ticket_show_not_going":false,"_tribe_ticket_use_global_stock":"","_tribe_ticket_global_stock_level":"","_global_stock_mode":"","_global_stock_cap":"","_tribe_rsvp_for_event":"","_tribe_ticket_going_count":"","_tribe_ticket_not_going_count":"","_tribe_tickets_list":"[]","_tribe_ticket_has_attendee_info_fields":false,"footnotes":"","_tec_slr_enabled":"","_tec_slr_layout":""},"class_list":["post-67764","page","type-page","status-publish","hentry"],"ticketed":false,"_links":{"self":[{"href":"https:\/\/esev.qaportal.ipv.pt\/en\/wp-json\/wp\/v2\/pages\/67764","targetHints":{"allow":["GET"]}}],"collection":[{"href":"https:\/\/esev.qaportal.ipv.pt\/en\/wp-json\/wp\/v2\/pages"}],"about":[{"href":"https:\/\/esev.qaportal.ipv.pt\/en\/wp-json\/wp\/v2\/types\/page"}],"author":[{"embeddable":true,"href":"https:\/\/esev.qaportal.ipv.pt\/en\/wp-json\/wp\/v2\/users\/1"}],"replies":[{"embeddable":true,"href":"https:\/\/esev.qaportal.ipv.pt\/en\/wp-json\/wp\/v2\/comments?post=67764"}],"version-history":[{"count":5,"href":"https:\/\/esev.qaportal.ipv.pt\/en\/wp-json\/wp\/v2\/pages\/67764\/revisions"}],"predecessor-version":[{"id":77050,"href":"https:\/\/esev.qaportal.ipv.pt\/en\/wp-json\/wp\/v2\/pages\/67764\/revisions\/77050"}],"up":[{"embeddable":true,"href":"https:\/\/esev.qaportal.ipv.pt\/en\/wp-json\/wp\/v2\/pages\/66181"}],"wp:attachment":[{"href":"https:\/\/esev.qaportal.ipv.pt\/en\/wp-json\/wp\/v2\/media?parent=67764"}],"curies":[{"name":"wp","href":"https:\/\/api.w.org\/{rel}","templated":true}]}}