{"id":67457,"date":"2024-01-17T10:32:08","date_gmt":"2024-01-17T10:32:08","guid":{"rendered":"https:\/\/esev.qaportal.ipv.pt\/study\/postgraduate-courses\/applied-theatrical-creation\/acreditacao\/"},"modified":"2024-04-04T16:52:24","modified_gmt":"2024-04-04T16:52:24","slug":"accreditation","status":"publish","type":"page","link":"https:\/\/esev.qaportal.ipv.pt\/en\/study\/postgraduate-courses\/applied-theatrical-creation\/accreditation\/","title":{"rendered":"Accreditation"},"content":{"rendered":"<p>[et_pb_section fb_built=&#8221;1&#8243; _builder_version=&#8221;4.21.0&#8243; _module_preset=&#8221;52b34cf4-0c34-4695-8546-ed0b4c0e44da&#8221; use_background_color_gradient=&#8221;on&#8221; background_color_gradient_stops=&#8221;rgba(43,46,52,0.43) 0%|rgba(43,46,52,0.43) 100%&#8221; background_color_gradient_overlays_image=&#8221;on&#8221; background_color_gradient_start=&#8221;rgba(43,46,52,0.43)&#8221; background_color_gradient_end=&#8221;rgba(43,46,52,0.43)&#8221; background_image=&#8221;https:\/\/esev.qaportal.ipv.pt\/wp-content\/uploads\/sites\/9\/2023\/11\/cinema-vazio-escuro-e-palco-com-as-cortinas-vermelhas-fechadas-vistas-sobre-as-fileiras-de-assentos-vagos-na-parte-de-tras-scaled.jpg&#8221; collapsed=&#8221;on&#8221; global_colors_info=&#8221;{}&#8221;][et_pb_row _builder_version=&#8221;4.21.0&#8243; _module_preset=&#8221;b882f85f-d0b0-46d5-8091-b37ad8a25f99&#8243; global_colors_info=&#8221;{}&#8221;][et_pb_column type=&#8221;4_4&#8243; _builder_version=&#8221;4.16&#8243; _module_preset=&#8221;default&#8221; global_colors_info=&#8221;{}&#8221;][et_pb_text admin_label=&#8221;Text&#8221; _builder_version=&#8221;4.21.0&#8243; _module_preset=&#8221;9fad50c0-67d8-42e4-a430-bc6a6e5c8bb6&#8243; text_font=&#8221;|800|||||||&#8221; text_font_size=&#8221;60px&#8221; text_line_height=&#8221;64px&#8221; hover_enabled=&#8221;0&#8243; global_colors_info=&#8221;{}&#8221; sticky_enabled=&#8221;0&#8243;]<\/p>\n<h1>Applied Theatrical Creation<\/h1>\n<h2>Accreditation<\/h2>\n<p>[\/et_pb_text][\/et_pb_column][\/et_pb_row][\/et_pb_section][et_pb_section fb_built=&#8221;1&#8243; _builder_version=&#8221;4.21.0&#8243; _module_preset=&#8221;default&#8221; background_color=&#8221;#F2F2F2&#8243; custom_padding=&#8221;0px||0px||true|false&#8221; sticky_position=&#8221;top&#8221; locked=&#8221;off&#8221; global_colors_info=&#8221;{}&#8221;][et_pb_row _builder_version=&#8221;4.21.0&#8243; _module_preset=&#8221;default&#8221; max_width=&#8221;1920px&#8221; custom_padding=&#8221;0px|10%|0px|10%|true|true&#8221; global_colors_info=&#8221;%91%93&#8243;][et_pb_column type=&#8221;4_4&#8243; _builder_version=&#8221;4.21.0&#8243; _module_preset=&#8221;default&#8221; border_width_bottom=&#8221;1px&#8221; border_color_bottom=&#8221;#2B2E34&#8243; global_colors_info=&#8221;{}&#8221;][et_pb_menu menu_id=&#8221;12&#8243; module_class=&#8221;ipv-page-submenu&#8221; _builder_version=&#8221;4.21.0&#8243; _module_preset=&#8221;default&#8221; menu_text_color=&#8221;#2B2E34&#8243; menu_font_size=&#8221;16px&#8221; background_color=&#8221;RGBA(255,255,255,0)&#8221; custom_padding=&#8221;5px||5px||true|false&#8221; hover_enabled=&#8221;0&#8243; global_colors_info=&#8221;{}&#8221; menu_line_height=&#8221;24px&#8221; sticky_enabled=&#8221;0&#8243;][\/et_pb_menu][\/et_pb_column][\/et_pb_row][\/et_pb_section][et_pb_section fb_built=&#8221;1&#8243; admin_label=&#8221;bloco2&#8243; _builder_version=&#8221;4.21.0&#8243; _module_preset=&#8221;4c33c857-96d7-4f33-a60c-78156765ad9e&#8221; background_color=&#8221;#FFFFFF&#8221; collapsed=&#8221;on&#8221; global_colors_info=&#8221;{}&#8221;][et_pb_row column_structure=&#8221;2_3,1_3&#8243; use_custom_gutter=&#8221;on&#8221; gutter_width=&#8221;2&#8243; module_id=&#8221;objetivos&#8221; _builder_version=&#8221;4.21.0&#8243; _module_preset=&#8221;4bbeaf08-d0da-41bb-a6f1-8af3f795f20d&#8221; global_colors_info=&#8221;{}&#8221;][et_pb_column type=&#8221;2_3&#8243; _builder_version=&#8221;4.16&#8243; _module_preset=&#8221;default&#8221; global_colors_info=&#8221;{}&#8221;][et_pb_text _builder_version=&#8221;4.21.0&#8243; _module_preset=&#8221;1b3ce133-bc31-48b5-9ae5-91583293058c&#8221; custom_margin=&#8221;||20px||false|false&#8221; hover_enabled=&#8221;0&#8243; global_colors_info=&#8221;{}&#8221; sticky_enabled=&#8221;0&#8243;]<\/p>\n<h2>Accreditation<\/h2>\n<p>[\/et_pb_text][et_pb_text _builder_version=&#8221;4.21.0&#8243; _module_preset=&#8221;1b3ce133-bc31-48b5-9ae5-91583293058c&#8221; custom_margin=&#8221;||50px||false|false&#8221; global_colors_info=&#8221;{}&#8221;]<\/p>\n<p><img loading=\"lazy\" decoding=\"async\" src=\"https:\/\/esev.qaportal.ipv.pt\/wp-content\/uploads\/sites\/9\/2023\/11\/logo_pdf-1.png\" width=\"35\" height=\"36\" alt=\"\" class=\"wp-image-58972 alignnone size-full\" \/><a href=\"https:\/\/esev.qaportal.ipv.pt\/wp-content\/uploads\/sites\/9\/2023\/11\/Criacao_Teatral_Aplicada-1.pdf\" target=\"_blank\" rel=\"noopener\">Order 21\/PRES\/2016<\/a><\/p>\n<p>[\/et_pb_text][et_pb_button button_url=&#8221;@ET-DC@eyJkeW5hbWljIjp0cnVlLCJjb250ZW50IjoicG9zdF9saW5rX3VybF9wYWdlIiwic2V0dGluZ3MiOnsicG9zdF9pZCI6IjY2MTcxIn19@&#8221; button_text=&#8221;Career Opportunities&#8221; _builder_version=&#8221;4.21.0&#8243; _dynamic_attributes=&#8221;button_url&#8221; _module_preset=&#8221;82f08daa-c31c-4bf3-8ae9-caabd3de6ae4&#8243; global_colors_info=&#8221;{}&#8221;][\/et_pb_button][et_pb_button button_url=&#8221;@ET-DC@eyJkeW5hbWljIjp0cnVlLCJjb250ZW50IjoicG9zdF9saW5rX3VybF9wYWdlIiwic2V0dGluZ3MiOnsicG9zdF9pZCI6IjY2MTcxIn19@&#8221; button_text=&#8221;Sudy Plan&#8221; _builder_version=&#8221;4.21.0&#8243; _dynamic_attributes=&#8221;button_url&#8221; _module_preset=&#8221;82f08daa-c31c-4bf3-8ae9-caabd3de6ae4&#8243; global_colors_info=&#8221;{}&#8221;][\/et_pb_button][et_pb_button button_url=&#8221;@ET-DC@eyJkeW5hbWljIjp0cnVlLCJjb250ZW50IjoicG9zdF9saW5rX3VybF9wYWdlIiwic2V0dGluZ3MiOnsicG9zdF9pZCI6IjY2MTcxIn19@&#8221; button_text=&#8221;Applications&#8221; _builder_version=&#8221;4.21.0&#8243; _dynamic_attributes=&#8221;button_url&#8221; _module_preset=&#8221;82f08daa-c31c-4bf3-8ae9-caabd3de6ae4&#8243; global_colors_info=&#8221;{}&#8221;][\/et_pb_button][\/et_pb_column][et_pb_column type=&#8221;1_3&#8243; _builder_version=&#8221;4.16&#8243; _module_preset=&#8221;default&#8221; global_colors_info=&#8221;{}&#8221;][et_pb_text _builder_version=&#8221;4.21.0&#8243; _module_preset=&#8221;1b3ce133-bc31-48b5-9ae5-91583293058c&#8221; link_font=&#8221;PV Sans Regular||||on|||#96353C|&#8221; hover_enabled=&#8221;0&#8243; global_module=&#8221;67473&#8243; global_colors_info=&#8221;{}&#8221; sticky_enabled=&#8221;0&#8243;]<\/p>\n<p><strong>Course:<\/strong><br \/>Applied Theatrical Creation<\/p>\n<p><strong>Degree or Diploma:<\/strong><br \/>Post Graduation<\/p>\n<p><strong>Duration:<\/strong><br \/>1 curricular year<\/p>\n<p><strong>Coordinator:<\/strong><br \/><span style=\"color: #339966;\"><a style=\"color: #339966;\" href=\"mailto:fraga@esev.ipv.pt\">Professor Jorge Manuel Fraga de Mendon\u00e7a <\/a><\/span><\/p>\n<p>[\/et_pb_text][\/et_pb_column][\/et_pb_row][\/et_pb_section]<\/p>\n","protected":false},"excerpt":{"rendered":"<p>Applied Theatrical Creation AccreditationAccreditationOrder 21\/PRES\/2016Course:Applied Theatrical Creation Degree or Diploma:Post Graduation Duration:1 curricular year Coordinator:Professor Jorge Manuel Fraga de Mendon\u00e7a<\/p>\n","protected":false},"author":1,"featured_media":0,"parent":66171,"menu_order":0,"comment_status":"closed","ping_status":"closed","template":"","meta":{"_et_pb_use_builder":"on","_et_pb_old_content":"[et_pb_section fb_built=\"1\" _builder_version=\"4.21.0\" _module_preset=\"52b34cf4-0c34-4695-8546-ed0b4c0e44da\" use_background_color_gradient=\"on\" background_color_gradient_stops=\"rgba(43,46,52,0.43) 0%|rgba(43,46,52,0.43) 100%\" background_color_gradient_overlays_image=\"on\" background_color_gradient_start=\"rgba(43,46,52,0.43)\" background_color_gradient_end=\"rgba(43,46,52,0.43)\" background_image=\"https:\/\/esev.qaportal.ipv.pt\/wp-content\/uploads\/sites\/9\/2023\/11\/cinema-vazio-escuro-e-palco-com-as-cortinas-vermelhas-fechadas-vistas-sobre-as-fileiras-de-assentos-vagos-na-parte-de-tras-scaled.jpg\" collapsed=\"on\" global_colors_info=\"{}\"][et_pb_row _builder_version=\"4.21.0\" _module_preset=\"b882f85f-d0b0-46d5-8091-b37ad8a25f99\" global_colors_info=\"{}\"][et_pb_column type=\"4_4\" _builder_version=\"4.16\" _module_preset=\"default\" global_colors_info=\"{}\"][et_pb_text admin_label=\"Text\" _builder_version=\"4.21.0\" _module_preset=\"9fad50c0-67d8-42e4-a430-bc6a6e5c8bb6\" text_font=\"|800|||||||\" text_font_size=\"60px\" text_line_height=\"64px\" global_colors_info=\"{}\"]<h2>Cria\u00e7\u00e3o Teatral Aplicada<\/h2>\r\n<h3>Acredita\u00e7\u00e3o<\/h3>[\/et_pb_text][\/et_pb_column][\/et_pb_row][\/et_pb_section][et_pb_section fb_built=\"1\" _builder_version=\"4.21.0\" _module_preset=\"4c33c857-96d7-4f33-a60c-78156765ad9e\" custom_padding=\"0px||0px||true|false\" sticky_position=\"top\" sticky_transition=\"off\" collapsed=\"on\" global_colors_info=\"{}\"][et_pb_row _builder_version=\"4.21.0\" _module_preset=\"4bbeaf08-d0da-41bb-a6f1-8af3f795f20d\" background_color=\"#f2f2f2\" max_width=\"none\" custom_padding=\"6px|10%|0px|10%|false|false\" global_colors_info=\"{}\"][et_pb_column type=\"4_4\" _builder_version=\"4.16\" _module_preset=\"default\" global_colors_info=\"{}\"][et_pb_menu menu_id=\"12\" dropdown_menu_bg_color=\"#E4E4E4\" mobile_menu_bg_color=\"#E4E4E4\" _builder_version=\"4.21.0\" _module_preset=\"b7523eda-10d4-4184-8f2a-d14a657a38b8\" global_colors_info=\"{}\"][\/et_pb_menu][\/et_pb_column][\/et_pb_row][\/et_pb_section][et_pb_section fb_built=\"1\" admin_label=\"bloco2\" _builder_version=\"4.21.0\" _module_preset=\"4c33c857-96d7-4f33-a60c-78156765ad9e\" background_color=\"#FFFFFF\" collapsed=\"on\" global_colors_info=\"{}\"][et_pb_row column_structure=\"2_3,1_3\" use_custom_gutter=\"on\" gutter_width=\"2\" module_id=\"objetivos\" _builder_version=\"4.21.0\" _module_preset=\"4bbeaf08-d0da-41bb-a6f1-8af3f795f20d\" global_colors_info=\"{}\"][et_pb_column type=\"2_3\" _builder_version=\"4.16\" _module_preset=\"default\" global_colors_info=\"{}\"][et_pb_text _builder_version=\"4.21.0\" _module_preset=\"1b3ce133-bc31-48b5-9ae5-91583293058c\" custom_margin=\"||20px||false|false\" global_colors_info=\"{}\"]<h3>Acredita\u00e7\u00e3o<\/h3>[\/et_pb_text][et_pb_text _builder_version=\"4.21.0\" _module_preset=\"1b3ce133-bc31-48b5-9ae5-91583293058c\" custom_margin=\"||50px||false|false\" global_colors_info=\"{}\"]<p><img src=\"https:\/\/esev.qaportal.ipv.pt\/wp-content\/uploads\/sites\/9\/2023\/11\/logo_pdf-1.png\" width=\"35\" height=\"36\" alt=\"\" class=\"wp-image-58972 alignnone size-full\" \/><a href=\"https:\/\/esev.qaportal.ipv.pt\/wp-content\/uploads\/sites\/9\/2023\/11\/Criacao_Teatral_Aplicada.pdf\" target=\"_blank\" rel=\"noopener\">Despacho 21\/PRES\/2016<\/a><\/p>[\/et_pb_text][et_pb_button button_url=\"@ET-DC@eyJkeW5hbWljIjp0cnVlLCJjb250ZW50IjoicG9zdF9saW5rX3VybF9wYWdlIiwic2V0dGluZ3MiOnsicG9zdF9pZCI6IjU4OTUyIn19@\" button_text=\"Sa\u00eddas Profissionais\" _builder_version=\"4.21.0\" _dynamic_attributes=\"button_url\" _module_preset=\"82f08daa-c31c-4bf3-8ae9-caabd3de6ae4\" global_colors_info=\"{}\"][\/et_pb_button][et_pb_button button_url=\"@ET-DC@eyJkeW5hbWljIjp0cnVlLCJjb250ZW50IjoicG9zdF9saW5rX3VybF9wYWdlIiwic2V0dGluZ3MiOnsicG9zdF9pZCI6IjU4OTUyIn19@\" button_text=\"Plano de Estudos\" _builder_version=\"4.21.0\" _dynamic_attributes=\"button_url\" _module_preset=\"82f08daa-c31c-4bf3-8ae9-caabd3de6ae4\" global_colors_info=\"{}\"][\/et_pb_button][et_pb_button button_url=\"@ET-DC@eyJkeW5hbWljIjp0cnVlLCJjb250ZW50IjoicG9zdF9saW5rX3VybF9wYWdlIiwic2V0dGluZ3MiOnsicG9zdF9pZCI6IjU4OTUyIn19@\" button_text=\"Candidaturas\" _builder_version=\"4.21.0\" _dynamic_attributes=\"button_url\" _module_preset=\"82f08daa-c31c-4bf3-8ae9-caabd3de6ae4\" global_colors_info=\"{}\"][\/et_pb_button][\/et_pb_column][et_pb_column type=\"1_3\" _builder_version=\"4.16\" _module_preset=\"default\" global_colors_info=\"{}\"][et_pb_text _builder_version=\"4.21.0\" _module_preset=\"1b3ce133-bc31-48b5-9ae5-91583293058c\" link_font=\"PV Sans Regular||||on|||#E76B20|\" global_colors_info=\"{}\" global_module=\"67432\" theme_builder_area=\"post_content\"]<strong>Designa\u00e7\u00e3o:<\/strong>\r\nCria\u00e7\u00e3o Teatral Aplicada<strong><\/strong>\r\n\r\n<strong>Grau conferido:<\/strong>\r\nP\u00f3s-Gradua\u00e7\u00e3o\r\n\r\n<strong>Dura\u00e7\u00e3o:<\/strong>\r\n1 ano letivo\r\n\r\n<strong>Departamento:<\/strong>\r\nCentro Artes e Forma\u00e7\u00e3o em Artes C\u00e9nicas (CAFAC), Servi\u00e7os Centrais do IPV\r\n\r\n<strong>Coordenador:<\/strong>\r\n<span style=\"color: #339966;\"><a style=\"color: #339966;\" href=\"mailto:fraga@esev.ipv.pt\">Dr. Jorge Manuel Fraga de Mendon\u00e7a <\/a><\/span>[\/et_pb_text][\/et_pb_column][\/et_pb_row][\/et_pb_section]","_et_gb_content_width":"","inline_featured_image":false,"_price":"","_stock":"","_tribe_ticket_header":"","_tribe_default_ticket_provider":"","_tribe_ticket_capacity":"0","_ticket_start_date":"","_ticket_end_date":"","_tribe_ticket_show_description":"","_tribe_ticket_show_not_going":false,"_tribe_ticket_use_global_stock":"","_tribe_ticket_global_stock_level":"","_global_stock_mode":"","_global_stock_cap":"","_tribe_rsvp_for_event":"","_tribe_ticket_going_count":"","_tribe_ticket_not_going_count":"","_tribe_tickets_list":"[]","_tribe_ticket_has_attendee_info_fields":false,"footnotes":"","_tec_slr_enabled":"","_tec_slr_layout":""},"class_list":["post-67457","page","type-page","status-publish","hentry"],"ticketed":false,"_links":{"self":[{"href":"https:\/\/esev.qaportal.ipv.pt\/en\/wp-json\/wp\/v2\/pages\/67457","targetHints":{"allow":["GET"]}}],"collection":[{"href":"https:\/\/esev.qaportal.ipv.pt\/en\/wp-json\/wp\/v2\/pages"}],"about":[{"href":"https:\/\/esev.qaportal.ipv.pt\/en\/wp-json\/wp\/v2\/types\/page"}],"author":[{"embeddable":true,"href":"https:\/\/esev.qaportal.ipv.pt\/en\/wp-json\/wp\/v2\/users\/1"}],"replies":[{"embeddable":true,"href":"https:\/\/esev.qaportal.ipv.pt\/en\/wp-json\/wp\/v2\/comments?post=67457"}],"version-history":[{"count":7,"href":"https:\/\/esev.qaportal.ipv.pt\/en\/wp-json\/wp\/v2\/pages\/67457\/revisions"}],"predecessor-version":[{"id":76743,"href":"https:\/\/esev.qaportal.ipv.pt\/en\/wp-json\/wp\/v2\/pages\/67457\/revisions\/76743"}],"up":[{"embeddable":true,"href":"https:\/\/esev.qaportal.ipv.pt\/en\/wp-json\/wp\/v2\/pages\/66171"}],"wp:attachment":[{"href":"https:\/\/esev.qaportal.ipv.pt\/en\/wp-json\/wp\/v2\/media?parent=67457"}],"curies":[{"name":"wp","href":"https:\/\/api.w.org\/{rel}","templated":true}]}}